{"id":1399,"date":"2026-04-14T13:47:30","date_gmt":"2026-04-14T13:47:30","guid":{"rendered":"https:\/\/mic.habitable-cove.eu\/como-funciona\/"},"modified":"2026-04-20T07:55:43","modified_gmt":"2026-04-20T07:55:43","slug":"como-funciona","status":"publish","type":"page","link":"https:\/\/mic.habitable-cove.eu\/pt-pt\/como-funciona\/","title":{"rendered":"Como funciona"},"content":{"rendered":"\t\t<div data-elementor-type=\"wp-page\" data-elementor-id=\"1399\" class=\"elementor elementor-1399 elementor-417\">\n\t\t\t\t<div class=\"elementor-element elementor-element-ac4ba05 e-flex e-con-boxed wpr-particle-no wpr-jarallax-no wpr-parallax-no wpr-sticky-section-no wpr-column-slider-no wpr-equal-height-no e-con e-parent\" data-id=\"ac4ba05\" data-element_type=\"container\" data-e-type=\"container\" data-settings=\"{&quot;background_background&quot;:&quot;classic&quot;}\">\n\t\t\t\t\t<div class=\"e-con-inner\">\n\t\t<div class=\"elementor-element elementor-element-be62622 e-flex e-con-boxed wpr-particle-no wpr-jarallax-no wpr-parallax-no wpr-sticky-section-no wpr-column-slider-no wpr-equal-height-no e-con e-child\" data-id=\"be62622\" data-element_type=\"container\" data-e-type=\"container\">\n\t\t\t\t\t<div class=\"e-con-inner\">\n\t\t\t\t<div class=\"elementor-element elementor-element-2b9bf22 elementor-widget elementor-widget-heading\" data-id=\"2b9bf22\" data-element_type=\"widget\" data-e-type=\"widget\" data-widget_type=\"heading.default\">\n\t\t\t\t\t<h1 class=\"elementor-heading-title elementor-size-default\">Como Funciona<\/h1>\t\t\t\t<\/div>\n\t\t\t\t\t<\/div>\n\t\t\t\t<\/div>\n\t\t\t\t\t<\/div>\n\t\t\t\t<\/div>\n\t\t<div class=\"elementor-element elementor-element-0e6b242 e-flex e-con-boxed wpr-particle-no wpr-jarallax-no wpr-parallax-no wpr-sticky-section-no wpr-column-slider-no wpr-equal-height-no e-con e-parent\" data-id=\"0e6b242\" data-element_type=\"container\" data-e-type=\"container\">\n\t\t\t\t\t<div class=\"e-con-inner\">\n\t\t\t\t<div class=\"elementor-element elementor-element-c3f35cd elementor-widget elementor-widget-text-editor\" data-id=\"c3f35cd\" data-element_type=\"widget\" data-e-type=\"widget\" data-widget_type=\"text-editor.default\">\n\t\t\t\t\t\t\t\t\t<p>O <b>Centro de Certifica\u00e7\u00e3o de Microcredenciais (MIC)<\/b> oferece um processo simples e flex\u00edvel para validar as suas compet\u00eancias e obter uma microcredencial.<\/p><p>Quer seja um formando, um profissional ou um formador, pode seguir um percurso claro e passo a passo para demonstrar as suas compet\u00eancias e receber reconhecimento.<\/p>\t\t\t\t\t\t\t\t<\/div>\n\t\t\t\t\t<\/div>\n\t\t\t\t<\/div>\n\t\t<div class=\"elementor-element elementor-element-ed2e105 e-flex e-con-boxed wpr-particle-no wpr-jarallax-no wpr-parallax-no wpr-sticky-section-no wpr-column-slider-no wpr-equal-height-no e-con e-parent\" data-id=\"ed2e105\" data-element_type=\"container\" data-e-type=\"container\">\n\t\t\t\t\t<div class=\"e-con-inner\">\n\t\t\t\t<div class=\"elementor-element elementor-element-f1799c0 elementor-widget elementor-widget-heading\" data-id=\"f1799c0\" data-element_type=\"widget\" data-e-type=\"widget\" data-widget_type=\"heading.default\">\n\t\t\t\t\t<h2 class=\"elementor-heading-title elementor-size-default\">Processo passo a passo<\/h2>\t\t\t\t<\/div>\n\t\t\t\t<div class=\"elementor-element elementor-element-3131f01 elementor-widget elementor-widget-timeline-widget-addon\" data-id=\"3131f01\" data-element_type=\"widget\" data-e-type=\"widget\" data-widget_type=\"timeline-widget-addon.default\">\n\t\t\t\t<div class=\"elementor-widget-container\">\n\t\t\t\t\t<!-- ========= Timeline Widget Addon For Elementor 1.6.24 ========= -->\n<div id=\"twae-wrapper-3131f01\" class=\"twae-vertical twae-wrapper  twae-both-sided\">   \n    <div class=\"twae-start\"><\/div>    \n    <div id=\"twea-timeline-3131f01\" class=\"twae-timeline\" ><!-- Start of Story Repeater Content --><div id=\"story-f3a9a93\" class=\"twae-story twae-repeater-item twae-story-right twae-story-no-icon\"><!-- Story Label --><div class=\"twae-labels\"><div class=\"twae-label-big\">Passo 1<\/div><\/div><!-- Story Icon --><div class=\"twae-icon\"><svg aria-hidden=\"true\" class=\"e-font-icon-svg e-fas-search\" viewBox=\"0 0 512 512\" xmlns=\"http:\/\/www.w3.org\/2000\/svg\"><path d=\"M505 442.7L405.3 343c-4.5-4.5-10.6-7-17-7H372c27.6-35.3 44-79.7 44-128C416 93.1 322.9 0 208 0S0 93.1 0 208s93.1 208 208 208c48.3 0 92.7-16.4 128-44v16.3c0 6.4 2.5 12.5 7 17l99.7 99.7c9.4 9.4 24.6 9.4 33.9 0l28.3-28.3c9.4-9.4 9.4-24.6.1-34zM208 336c-70.7 0-128-57.2-128-128 0-70.7 57.2-128 128-128 70.7 0 128 57.2 128 128 0 70.7-57.2 128-128 128z\"><\/path><\/svg><\/div><!-- Story Arrow --><div class=\"twae-arrow\"><\/div><!-- Start of Story Content --><div class=\"twae-content\"><!-- Story Title --><div class=\"twae-title\">Explorar as microcredenciais dispon\u00edveis<\/div><!-- Story Description --><div class=\"twae-description\"><p>Consulte o Diret\u00f3rio de Microcredenciais e identifique as microcredenciais que correspondem ao seu perfil, interesses e objetivos de carreira.<\/p>\n<\/div><\/div><\/div><!-- Start of Story Repeater Content --><div id=\"story-ad8cd98\" class=\"twae-story twae-repeater-item twae-story-left twae-story-no-icon\"><!-- Story Label --><div class=\"twae-labels\"><div class=\"twae-label-big\">Passo 2<\/div><\/div><!-- Story Icon --><div class=\"twae-icon\"><svg aria-hidden=\"true\" class=\"e-font-icon-svg e-fas-check\" viewBox=\"0 0 512 512\" xmlns=\"http:\/\/www.w3.org\/2000\/svg\"><path d=\"M173.898 439.404l-166.4-166.4c-9.997-9.997-9.997-26.206 0-36.204l36.203-36.204c9.997-9.998 26.207-9.998 36.204 0L192 312.69 432.095 72.596c9.997-9.997 26.207-9.997 36.204 0l36.203 36.204c9.997 9.997 9.997 26.206 0 36.204l-294.4 294.401c-9.998 9.997-26.207 9.997-36.204-.001z\"><\/path><\/svg><\/div><!-- Story Arrow --><div class=\"twae-arrow\"><\/div><!-- Start of Story Content --><div class=\"twae-content\"><!-- Story Title --><div class=\"twae-title\">Selecionar uma microcredencial<\/div><!-- Story Description --><div class=\"twae-description\"><p>Aceda \u00e0 descri\u00e7\u00e3o detalhada e consulte o seu conte\u00fado, incluindo resultados de aprendizagem, n\u00edvel, carga de trabalho e relev\u00e2ncia para o seu percurso profissional.<\/p>\n<\/div><\/div><\/div><!-- Start of Story Repeater Content --><div id=\"story-d43ecd7\" class=\"twae-story twae-repeater-item twae-story-right twae-story-no-icon\"><!-- Story Label --><div class=\"twae-labels\"><div class=\"twae-label-big\">Passo 3<\/div><\/div><!-- Story Icon --><div class=\"twae-icon\"><svg aria-hidden=\"true\" class=\"e-font-icon-svg e-far-eye\" viewBox=\"0 0 576 512\" xmlns=\"http:\/\/www.w3.org\/2000\/svg\"><path d=\"M288 144a110.94 110.94 0 0 0-31.24 5 55.4 55.4 0 0 1 7.24 27 56 56 0 0 1-56 56 55.4 55.4 0 0 1-27-7.24A111.71 111.71 0 1 0 288 144zm284.52 97.4C518.29 135.59 410.93 64 288 64S57.68 135.64 3.48 241.41a32.35 32.35 0 0 0 0 29.19C57.71 376.41 165.07 448 288 448s230.32-71.64 284.52-177.41a32.35 32.35 0 0 0 0-29.19zM288 400c-98.65 0-189.09-55-237.93-144C98.91 167 189.34 112 288 112s189.09 55 237.93 144C477.1 345 386.66 400 288 400z\"><\/path><\/svg><\/div><!-- Story Arrow --><div class=\"twae-arrow\"><\/div><!-- Start of Story Content --><div class=\"twae-content\"><!-- Story Title --><div class=\"twae-title\">Rever os requisitos<\/div><!-- Story Description --><div class=\"twae-description\"><p>Certifique-se de que est\u00e1 familiarizado com as compet\u00eancias abrangidas e, quando aplic\u00e1vel, com o programa de forma\u00e7\u00e3o ou curso relacionado.<\/p>\n<\/div><\/div><\/div><!-- Start of Story Repeater Content --><div id=\"story-58dbfd7\" class=\"twae-story twae-repeater-item twae-story-left twae-story-no-icon\"><!-- Story Label --><div class=\"twae-labels\"><div class=\"twae-label-big\">Passo 4<\/div><\/div><!-- Story Icon --><div class=\"twae-icon\"><svg aria-hidden=\"true\" class=\"e-font-icon-svg e-far-edit\" viewBox=\"0 0 576 512\" xmlns=\"http:\/\/www.w3.org\/2000\/svg\"><path d=\"M402.3 344.9l32-32c5-5 13.7-1.5 13.7 5.7V464c0 26.5-21.5 48-48 48H48c-26.5 0-48-21.5-48-48V112c0-26.5 21.5-48 48-48h273.5c7.1 0 10.7 8.6 5.7 13.7l-32 32c-1.5 1.5-3.5 2.3-5.7 2.3H48v352h352V350.5c0-2.1.8-4.1 2.3-5.6zm156.6-201.8L296.3 405.7l-90.4 10c-26.2 2.9-48.5-19.2-45.6-45.6l10-90.4L432.9 17.1c22.9-22.9 59.9-22.9 82.7 0l43.2 43.2c22.9 22.9 22.9 60 .1 82.8zM460.1 174L402 115.9 216.2 301.8l-7.3 65.3 65.3-7.3L460.1 174zm64.8-79.7l-43.2-43.2c-4.1-4.1-10.8-4.1-14.8 0L436 82l58.1 58.1 30.9-30.9c4-4.2 4-10.8-.1-14.9z\"><\/path><\/svg><\/div><!-- Story Arrow --><div class=\"twae-arrow\"><\/div><!-- Start of Story Content --><div class=\"twae-content\"><!-- Story Title --><div class=\"twae-title\">Concluir a avalia\u00e7\u00e3o<\/div><!-- Story Description --><div class=\"twae-description\"><p>Inicie o processo de valida\u00e7\u00e3o preenchendo o question\u00e1rio online concebido para avaliar os seus conhecimentos e compet\u00eancias.<\/p>\n<\/div><\/div><\/div><!-- Start of Story Repeater Content --><div id=\"story-5b896ee\" class=\"twae-story twae-repeater-item twae-story-right twae-story-no-icon\"><!-- Story Label --><div class=\"twae-labels\"><div class=\"twae-label-big\">Passo 5<\/div><\/div><!-- Story Icon --><div class=\"twae-icon\"><svg aria-hidden=\"true\" class=\"e-font-icon-svg e-far-envelope\" viewBox=\"0 0 512 512\" xmlns=\"http:\/\/www.w3.org\/2000\/svg\"><path d=\"M464 64H48C21.49 64 0 85.49 0 112v288c0 26.51 21.49 48 48 48h416c26.51 0 48-21.49 48-48V112c0-26.51-21.49-48-48-48zm0 48v40.805c-22.422 18.259-58.168 46.651-134.587 106.49-16.841 13.247-50.201 45.072-73.413 44.701-23.208.375-56.579-31.459-73.413-44.701C106.18 199.465 70.425 171.067 48 152.805V112h416zM48 400V214.398c22.914 18.251 55.409 43.862 104.938 82.646 21.857 17.205 60.134 55.186 103.062 54.955 42.717.231 80.509-37.199 103.053-54.947 49.528-38.783 82.032-64.401 104.947-82.653V400H48z\"><\/path><\/svg><\/div><!-- Story Arrow --><div class=\"twae-arrow\"><\/div><!-- Start of Story Content --><div class=\"twae-content\"><!-- Story Title --><div class=\"twae-title\">Receber o seu resultado<\/div><!-- Story Description --><div class=\"twae-description\"><p>Assim que concluir a avalia\u00e7\u00e3o, as suas respostas s\u00e3o avaliadas e receber\u00e1 o seu resultado.<\/p>\n<\/div><\/div><\/div><!-- Start of Story Repeater Content --><div id=\"story-5e0b1c1\" class=\"twae-story twae-repeater-item twae-story-left twae-story-no-icon\"><!-- Story Label --><div class=\"twae-labels\"><div class=\"twae-label-big\">Passo 6<\/div><\/div><!-- Story Icon --><div class=\"twae-icon\"><svg aria-hidden=\"true\" class=\"e-font-icon-svg e-fas-graduation-cap\" viewBox=\"0 0 640 512\" xmlns=\"http:\/\/www.w3.org\/2000\/svg\"><path d=\"M622.34 153.2L343.4 67.5c-15.2-4.67-31.6-4.67-46.79 0L17.66 153.2c-23.54 7.23-23.54 38.36 0 45.59l48.63 14.94c-10.67 13.19-17.23 29.28-17.88 46.9C38.78 266.15 32 276.11 32 288c0 10.78 5.68 19.85 13.86 25.65L20.33 428.53C18.11 438.52 25.71 448 35.94 448h56.11c10.24 0 17.84-9.48 15.62-19.47L82.14 313.65C90.32 307.85 96 298.78 96 288c0-11.57-6.47-21.25-15.66-26.87.76-15.02 8.44-28.3 20.69-36.72L296.6 284.5c9.06 2.78 26.44 6.25 46.79 0l278.95-85.7c23.55-7.24 23.55-38.36 0-45.6zM352.79 315.09c-28.53 8.76-52.84 3.92-65.59 0l-145.02-44.55L128 384c0 35.35 85.96 64 192 64s192-28.65 192-64l-14.18-113.47-145.03 44.56z\"><\/path><\/svg><\/div><!-- Story Arrow --><div class=\"twae-arrow\"><\/div><!-- Start of Story Content --><div class=\"twae-content\"><!-- Story Title --><div class=\"twae-title\">Obter a sua microcredencial<\/div><!-- Story Description --><div class=\"twae-description\"><p>Se cumprir com sucesso os resultados de aprendizagem exigidos, ser-lhe-\u00e1 atribu\u00edda a microcredencial. Todas as microcredenciais s\u00e3o emitidas pela Alian\u00e7a de Certifica\u00e7\u00e3o de Compet\u00eancias do Setor Habitat e promovidas pela organiza\u00e7\u00e3o que as desenvolveu. <\/p>\n<\/div><\/div><\/div><\/div>\n    <div class=\"twae-end\"><\/div>\n    <\/div><style type=\"text\/css\">@media (max-width: 1024px){ .twae-wrapper{--tw-ybx-size: 80px !important;}}@media (max-width: 767px){ .twae-wrapper{--tw-ybx-size: 80px !important}}<\/style>\t\t\t\t<\/div>\n\t\t\t\t<\/div>\n\t\t\t\t\t<\/div>\n\t\t\t\t<\/div>\n\t\t<div class=\"elementor-element elementor-element-fdce96e e-flex e-con-boxed wpr-particle-no wpr-jarallax-no wpr-parallax-no wpr-sticky-section-no wpr-column-slider-no wpr-equal-height-no e-con e-parent\" data-id=\"fdce96e\" data-element_type=\"container\" data-e-type=\"container\">\n\t\t\t\t\t<div class=\"e-con-inner\">\n\t\t\t\t<div class=\"elementor-element elementor-element-265ee97 elementor-widget elementor-widget-text-editor\" data-id=\"265ee97\" data-element_type=\"widget\" data-e-type=\"widget\" data-widget_type=\"text-editor.default\">\n\t\t\t\t\t\t\t\t\t<p><b>Flex\u00edvel e f\u00e1cil de utilizar<\/b><\/p><p>O processo foi concebido para ser:<\/p><ul><li aria-level=\"1\"><b>Totalmente online<\/b><\/li><li aria-level=\"1\"><b>Flex\u00edvel<\/b>, permitindo-lhe concluir a avalia\u00e7\u00e3o ao seu pr\u00f3prio ritmo<\/li><li aria-level=\"1\"><b>Acess\u00edvel<\/b>, apoiando diferentes perfis de utilizadores e percursos de aprendizagem<\/li><\/ul><p><b><br>Reconhecimento e progress\u00e3o<\/b><\/p><p>As microcredenciais obtidas atrav\u00e9s do MIC:<\/p><ul><li aria-level=\"1\">validam as suas compet\u00eancias de forma estruturada<\/li><li aria-level=\"1\">apoiam a sua empregabilidade e desenvolvimento profissional<\/li><li aria-level=\"1\">est\u00e3o associadas, quando aplic\u00e1vel, a <b>profiss\u00f5es ESCO<\/b> e perfis profissionais reais<\/li><li aria-level=\"1\">podem incluir orienta\u00e7\u00e3o para <b>certifica\u00e7\u00f5es formais ou reconhecidas a n\u00edvel nacional<\/b><\/li><\/ul>\t\t\t\t\t\t\t\t<\/div>\n\t\t\t\t\t<\/div>\n\t\t\t\t<\/div>\n\t\t<div class=\"elementor-element elementor-element-6e65fa1 e-flex e-con-boxed wpr-particle-no wpr-jarallax-no wpr-parallax-no wpr-sticky-section-no wpr-column-slider-no wpr-equal-height-no e-con e-parent\" data-id=\"6e65fa1\" data-element_type=\"container\" data-e-type=\"container\" data-settings=\"{&quot;background_background&quot;:&quot;classic&quot;}\">\n\t\t\t\t\t<div class=\"e-con-inner\">\n\t\t<div class=\"elementor-element elementor-element-e614527 e-con-full e-flex wpr-particle-no wpr-jarallax-no wpr-parallax-no wpr-sticky-section-no wpr-column-slider-no wpr-equal-height-no e-con e-child\" data-id=\"e614527\" data-element_type=\"container\" data-e-type=\"container\">\n\t\t\t\t<div class=\"elementor-element elementor-element-0266db1 elementor-align-center elementor-widget elementor-widget-button\" data-id=\"0266db1\" data-element_type=\"widget\" data-e-type=\"widget\" data-widget_type=\"button.default\">\n\t\t\t\t\t\t\t\t\t\t<a class=\"elementor-button elementor-button-link elementor-size-sm\" href=\"https:\/\/mic.habitable-cove.eu\/pt-pt\/diretorio-de-microcredenciais\/\">\n\t\t\t\t\t\t<span class=\"elementor-button-content-wrapper\">\n\t\t\t\t\t\t<span class=\"elementor-button-icon\">\n\t\t\t\t<svg aria-hidden=\"true\" class=\"e-font-icon-svg e-fas-arrow-right\" viewBox=\"0 0 448 512\" xmlns=\"http:\/\/www.w3.org\/2000\/svg\"><path d=\"M190.5 66.9l22.2-22.2c9.4-9.4 24.6-9.4 33.9 0L441 239c9.4 9.4 9.4 24.6 0 33.9L246.6 467.3c-9.4 9.4-24.6 9.4-33.9 0l-22.2-22.2c-9.5-9.5-9.3-25 .4-34.3L311.4 296H24c-13.3 0-24-10.7-24-24v-32c0-13.3 10.7-24 24-24h287.4L190.9 101.2c-9.8-9.3-10-24.8-.4-34.3z\"><\/path><\/svg>\t\t\t<\/span>\n\t\t\t\t\t\t\t\t\t<span class=\"elementor-button-text\">Explorar microcredenciais<\/span>\n\t\t\t\t\t<\/span>\n\t\t\t\t\t<\/a>\n\t\t\t\t\t\t\t\t<\/div>\n\t\t\t\t<div class=\"elementor-element elementor-element-daf8ac9 elementor-widget elementor-widget-text-editor\" data-id=\"daf8ac9\" data-element_type=\"widget\" data-e-type=\"widget\" data-widget_type=\"text-editor.default\">\n\t\t\t\t\t\t\t\t\t<p>Inicie a sua jornada e valide as suas compet\u00eancias no setor Habitat.<\/p>\t\t\t\t\t\t\t\t<\/div>\n\t\t\t\t<\/div>\n\t\t\t\t\t<\/div>\n\t\t\t\t<\/div>\n\t\t\t\t<\/div>\n\t\t","protected":false},"excerpt":{"rendered":"<p>Como Funciona O Centro de Certifica\u00e7\u00e3o de Microcredenciais (MIC) oferece um processo simples e flex\u00edvel para validar as suas compet\u00eancias e obter uma microcredencial. Quer seja um formando, um profissional ou um formador, pode seguir um percurso claro e passo a passo para demonstrar as suas compet\u00eancias e receber reconhecimento. Processo passo a passo Passo 1Explorar as microcredenciais dispon\u00edveis Consulte o Diret\u00f3rio de Microcredenciais e identifique as microcredenciais que correspondem ao seu perfil, interesses e objetivos de carreira. Passo 2Selecionar uma microcredencial Aceda \u00e0 descri\u00e7\u00e3o detalhada e consulte o seu conte\u00fado, incluindo resultados de aprendizagem, n\u00edvel, carga de trabalho e relev\u00e2ncia para o seu percurso profissional. Passo 3Rever os requisitos Certifique-se de que est\u00e1 familiarizado com as compet\u00eancias abrangidas e, quando aplic\u00e1vel, com o programa de forma\u00e7\u00e3o ou curso relacionado. Passo 4Concluir a avalia\u00e7\u00e3o Inicie o processo de valida\u00e7\u00e3o preenchendo o question\u00e1rio online concebido para avaliar os seus conhecimentos e compet\u00eancias. Passo 5Receber o seu resultado Assim que concluir a avalia\u00e7\u00e3o, as suas respostas s\u00e3o avaliadas e receber\u00e1 o seu resultado. Passo 6Obter a sua microcredencial Se cumprir com sucesso os resultados de aprendizagem exigidos, ser-lhe-\u00e1 atribu\u00edda a microcredencial. Todas as microcredenciais s\u00e3o emitidas pela Alian\u00e7a de Certifica\u00e7\u00e3o de Compet\u00eancias do Setor Habitat e promovidas pela organiza\u00e7\u00e3o que as desenvolveu. Flex\u00edvel e f\u00e1cil de utilizar O processo foi concebido para ser: Totalmente online Flex\u00edvel, permitindo-lhe concluir a avalia\u00e7\u00e3o ao seu pr\u00f3prio ritmo Acess\u00edvel, apoiando diferentes perfis de utilizadores e percursos de aprendizagem Reconhecimento e progress\u00e3o As microcredenciais obtidas atrav\u00e9s do MIC: validam as suas compet\u00eancias de forma estruturada apoiam a sua empregabilidade e desenvolvimento profissional est\u00e3o associadas, quando aplic\u00e1vel, a profiss\u00f5es ESCO e perfis profissionais reais podem incluir orienta\u00e7\u00e3o para certifica\u00e7\u00f5es formais ou reconhecidas a n\u00edvel nacional Explorar microcredenciais Inicie a sua jornada e valide as suas compet\u00eancias no setor Habitat.<\/p>\n","protected":false},"author":1,"featured_media":0,"parent":0,"menu_order":0,"comment_status":"closed","ping_status":"closed","template":"elementor_canvas","meta":{"_acf_changed":false,"footnotes":""},"class_list":["post-1399","page","type-page","status-publish","hentry"],"acf":[],"_links":{"self":[{"href":"https:\/\/mic.habitable-cove.eu\/pt-pt\/wp-json\/wp\/v2\/pages\/1399","targetHints":{"allow":["GET"]}}],"collection":[{"href":"https:\/\/mic.habitable-cove.eu\/pt-pt\/wp-json\/wp\/v2\/pages"}],"about":[{"href":"https:\/\/mic.habitable-cove.eu\/pt-pt\/wp-json\/wp\/v2\/types\/page"}],"author":[{"embeddable":true,"href":"https:\/\/mic.habitable-cove.eu\/pt-pt\/wp-json\/wp\/v2\/users\/1"}],"replies":[{"embeddable":true,"href":"https:\/\/mic.habitable-cove.eu\/pt-pt\/wp-json\/wp\/v2\/comments?post=1399"}],"version-history":[{"count":1,"href":"https:\/\/mic.habitable-cove.eu\/pt-pt\/wp-json\/wp\/v2\/pages\/1399\/revisions"}],"predecessor-version":[{"id":1401,"href":"https:\/\/mic.habitable-cove.eu\/pt-pt\/wp-json\/wp\/v2\/pages\/1399\/revisions\/1401"}],"wp:attachment":[{"href":"https:\/\/mic.habitable-cove.eu\/pt-pt\/wp-json\/wp\/v2\/media?parent=1399"}],"curies":[{"name":"wp","href":"https:\/\/api.w.org\/{rel}","templated":true}]}}