{"id":1271,"date":"2026-04-16T08:49:16","date_gmt":"2026-04-16T08:49:16","guid":{"rendered":"https:\/\/mic.habitable-cove.eu\/sobre-o-mic\/"},"modified":"2026-04-29T14:28:00","modified_gmt":"2026-04-29T14:28:00","slug":"sobre-o-mic","status":"publish","type":"page","link":"https:\/\/mic.habitable-cove.eu\/pt-pt\/sobre-o-mic\/","title":{"rendered":"Qualidade e reconhecimento"},"content":{"rendered":"\t\t<div data-elementor-type=\"wp-page\" data-elementor-id=\"1271\" class=\"elementor elementor-1271 elementor-691\">\n\t\t\t\t<div class=\"elementor-element elementor-element-ac4ba05 e-flex e-con-boxed wpr-particle-no wpr-jarallax-no wpr-parallax-no wpr-sticky-section-no wpr-column-slider-no wpr-equal-height-no e-con e-parent\" data-id=\"ac4ba05\" data-element_type=\"container\" data-e-type=\"container\" data-settings=\"{&quot;background_background&quot;:&quot;classic&quot;}\">\n\t\t\t\t\t<div class=\"e-con-inner\">\n\t\t<div class=\"elementor-element elementor-element-be62622 e-flex e-con-boxed wpr-particle-no wpr-jarallax-no wpr-parallax-no wpr-sticky-section-no wpr-column-slider-no wpr-equal-height-no e-con e-child\" data-id=\"be62622\" data-element_type=\"container\" data-e-type=\"container\">\n\t\t\t\t\t<div class=\"e-con-inner\">\n\t\t\t\t<div class=\"elementor-element elementor-element-2b9bf22 elementor-widget-tablet__width-initial elementor-widget elementor-widget-heading\" data-id=\"2b9bf22\" data-element_type=\"widget\" data-e-type=\"widget\" data-widget_type=\"heading.default\">\n\t\t\t\t\t<h1 class=\"elementor-heading-title elementor-size-default\">Qualidade e reconhecimento<\/h1>\t\t\t\t<\/div>\n\t\t\t\t\t<\/div>\n\t\t\t\t<\/div>\n\t\t\t\t\t<\/div>\n\t\t\t\t<\/div>\n\t\t<div class=\"elementor-element elementor-element-0e6b242 e-flex e-con-boxed wpr-particle-no wpr-jarallax-no wpr-parallax-no wpr-sticky-section-no wpr-column-slider-no wpr-equal-height-no e-con e-parent\" data-id=\"0e6b242\" data-element_type=\"container\" data-e-type=\"container\">\n\t\t\t\t\t<div class=\"e-con-inner\">\n\t\t\t\t<div class=\"elementor-element elementor-element-c408d63 elementor-widget elementor-widget-heading\" data-id=\"c408d63\" data-element_type=\"widget\" data-e-type=\"widget\" data-widget_type=\"heading.default\">\n\t\t\t\t\t<h2 class=\"elementor-heading-title elementor-size-default\">Sobre o Centro de Certifica\u00e7\u00e3o de Microcredenciais\n<\/h2>\t\t\t\t<\/div>\n\t\t\t\t<div class=\"elementor-element elementor-element-c3f35cd elementor-widget elementor-widget-text-editor\" data-id=\"c3f35cd\" data-element_type=\"widget\" data-e-type=\"widget\" data-widget_type=\"text-editor.default\">\n\t\t\t\t\t\t\t\t\t<p>O <b>Centro de Certifica\u00e7\u00e3o de Microcredenciais (MIC)<\/b> \u00e9 um servi\u00e7o digital desenvolvido no \u00e2mbito do projeto HABITABLE para apoiar a <b>valida\u00e7\u00e3o e certifica\u00e7\u00e3o de compet\u00eancias<\/b> no setor do Habitat.<\/p><p>Funciona como parte do HABITABLE Skills Hub e contribui para a cria\u00e7\u00e3o de um <b>ecossistema partilhado para o reconhecimento de compet\u00eancias<\/b>, alinhado com as prioridades europeias em mat\u00e9ria de aprendizagem ao longo da vida, ensino e forma\u00e7\u00e3o profissional (EFP) e as transi\u00e7\u00f5es ecol\u00f3gica e digital.<\/p><p>O MIC foi concebido como um <b>sistema aberto e escal\u00e1vel<\/b>, permitindo que tanto os parceiros do projeto como organiza\u00e7\u00f5es externas desenvolvam e promovam microcredenciais.<\/p>\t\t\t\t\t\t\t\t<\/div>\n\t\t\t\t<div class=\"elementor-element elementor-element-1bc6f59 elementor-widget elementor-widget-heading\" data-id=\"1bc6f59\" data-element_type=\"widget\" data-e-type=\"widget\" data-widget_type=\"heading.default\">\n\t\t\t\t\t<h2 class=\"elementor-heading-title elementor-size-default\">A Alian\u00e7a de Certifica\u00e7\u00e3o de Compet\u00eancias do Setor do Habitat<\/h2>\t\t\t\t<\/div>\n\t\t\t\t<div class=\"elementor-element elementor-element-d5e4798 elementor-widget elementor-widget-text-editor\" data-id=\"d5e4798\" data-element_type=\"widget\" data-e-type=\"widget\" data-widget_type=\"text-editor.default\">\n\t\t\t\t\t\t\t\t\t<p>Todas as microcredenciais dispon\u00edveis no MIC s\u00e3o:<\/p><ul><li aria-level=\"1\"><b>Emitidas pela<\/b> <i>Alian\u00e7a de Certifica\u00e7\u00e3o de Compet\u00eancias do Setor do Habitat<\/i><\/li><li aria-level=\"1\"><b>Promovidas pelas<\/b> organiza\u00e7\u00f5es que as desenvolvem<\/li><\/ul><p><br>A Alian\u00e7a re\u00fane, de toda a Europa, uma rede de universidades, autoridades educativas, entidades de EFP, centros de investiga\u00e7\u00e3o, empresas e organiza\u00e7\u00f5es setoriais. Estas entidades colaboram para garantir que as microcredenciais refletem <b>necessidades reais de compet\u00eancias<\/b>, se baseiam em compet\u00eancias relevantes e est\u00e3o alinhadas com a evolu\u00e7\u00e3o do setor.   <\/p><ul><li aria-level=\"1\"><a href=\"https:\/\/www.aeice.org\/\" target=\"_blank\" rel=\"noopener\">Cl\u00faster de Habitat Eficiente (AEICE) &#8211; ESPANHA<\/a><\/li><li aria-level=\"1\"><a href=\"https:\/\/www.educa.jcyl.es\/\" target=\"_blank\" rel=\"noopener\">Consejeria de Educacion de la Junta de Castilla y Le\u00f3n (EDUCACYL) &#8211; ESPANHA<\/a><\/li><li aria-level=\"1\"><a href=\"https:\/\/infodef.es\/\" target=\"_blank\" rel=\"noopener\">Instituto para el Fomento del Desarrollo y la Formaci\u00f3n (INFODEF) &#8211; ESPANHA<\/a><\/li><li aria-level=\"1\"><a href=\"http:\/\/www.iccl.es\/\" target=\"_blank\" rel=\"noopener\">Fundaci\u00f3n Instituto de la Construcci\u00f3n de Castilla y Le\u00f3n (ICCL) &#8211; ESPANHA<\/a><\/li><li aria-level=\"1\"><a href=\"https:\/\/cesefor.com\/\" target=\"_blank\" rel=\"noopener\">Fundaci\u00f3n Centro de Servicios y Promoci\u00f3n Forestal y de su Industria de Castilla y Le\u00f3n (CESEFOR) &#8211; ESPANHA<\/a><\/li><li aria-level=\"1\"><a href=\"https:\/\/www.fundacionlaboral.org\/\" target=\"_blank\" rel=\"noopener\">Fundacion Laboral de la Construccion (FLC) &#8211; ESPANHA<\/a><\/li><li aria-level=\"1\"><a href=\"https:\/\/cetem.es\/\" target=\"_blank\" rel=\"noopener\">Asociaci\u00f3n Empresarial de Investigaci\u00f3n Centro Tecnol\u00f3gico del Mueble y la Madera de la Regi\u00f3n de Murcia (CETEM) &#8211; ESPANHA<\/a><\/li><li aria-level=\"1\"><a href=\"https:\/\/clusterhabitat.pt\/\" target=\"_blank\" rel=\"noopener\">Associa\u00e7\u00e3o Plataforma para a Constru\u00e7\u00e3o Sustent\u00e1vel (CLUSTER HABITAT) &#8211; PORTUGAL<\/a><\/li><li aria-level=\"1\"><a href=\"https:\/\/www.ctcv.pt\/\" target=\"_blank\" rel=\"noopener\">Centro Tecnologico da Ceramica e do Vidro (CTCV) &#8211; PORTUGAL<\/a><\/li><li aria-level=\"1\"><a href=\"https:\/\/www.ua.pt\/\" target=\"_blank\" rel=\"noopener\">Universidade de Aveiro (UAVR) &#8211; PORTUGAL<\/a><\/li><li aria-level=\"1\"><a href=\"https:\/\/www.holzcluster-steiermark.at\/\" target=\"_blank\" rel=\"noopener\">Holzcluster Steiermark Gmbh (HCS) &#8211; \u00c1USTRIA<\/a><\/li><li aria-level=\"1\"><a href=\"https:\/\/www.fh-salzburg.ac.at\/\" target=\"_blank\" rel=\"noopener\">Fachhochschule Salzburg Gmbh (FHS) &#8211; \u00c1USTRIA<\/a><\/li><li aria-level=\"1\"><a href=\"https:\/\/clube.gr\/en\/\" target=\"_blank\" rel=\"noopener\">Cluster Viooikonomias Kai Perivallontos Dytikis Makedonias (CLUBE) &#8211; GR\u00c9CIA<\/a><\/li><li aria-level=\"1\"><a href=\"https:\/\/www.dimitra.gr\/\" target=\"_blank\" rel=\"noopener\">Dimitra Ekpaiditiki Simvilitiki AE (DIMITRA) &#8211; GR\u00c9CIA<\/a><\/li><li aria-level=\"1\"><a href=\"https:\/\/fwsd.uth.gr\/en\/\" target=\"_blank\" rel=\"noopener\">Panepistimio Thessalias (UTH) &#8211; GR\u00c9CIA<\/a><\/li><li aria-level=\"1\"><a href=\"https:\/\/ceee.md\/\" target=\"_blank\" rel=\"noopener\">Institutia Publica Centrul De Excelenta In Energetica Si Electronica (CEEE) &#8211; MOLD\u00c1VIA<\/a><\/li><li aria-level=\"1\"><a href=\"https:\/\/construct2.ge\/\" target=\"_blank\" rel=\"noopener\">Construction College Construct2 (CONSTRUCT2) &#8211; GE\u00d3RGIA<\/a><\/li><\/ul><p><br>A Alian\u00e7a est\u00e1 aberta \u00e0 integra\u00e7\u00e3o de novas organiza\u00e7\u00f5es, apoiando o crescimento cont\u00ednuo e a sustentabilidade do MIC.<\/p>\t\t\t\t\t\t\t\t<\/div>\n\t\t\t\t<div class=\"elementor-element elementor-element-13dfcd0 elementor-widget elementor-widget-heading\" data-id=\"13dfcd0\" data-element_type=\"widget\" data-e-type=\"widget\" data-widget_type=\"heading.default\">\n\t\t\t\t\t<h2 class=\"elementor-heading-title elementor-size-default\">Abordagem de qualidade<\/h2>\t\t\t\t<\/div>\n\t\t\t\t<div class=\"elementor-element elementor-element-b30dc77 elementor-widget elementor-widget-text-editor\" data-id=\"b30dc77\" data-element_type=\"widget\" data-e-type=\"widget\" data-widget_type=\"text-editor.default\">\n\t\t\t\t\t\t\t\t\t<p>O MIC segue uma abordagem estruturada e transparente para garantir a qualidade e a consist\u00eancia de todas as microcredenciais.<\/p><p>Cada microcredencial baseia-se em:<\/p><ul><li aria-level=\"1\"><b>resultados de aprendizagem<\/b> claramente definidos<\/li><li aria-level=\"1\">um <b>m\u00e9todo de avalia\u00e7\u00e3o<\/b> transparente<\/li><li aria-level=\"1\">um <b>n\u00edvel do QEQ<\/b> indicado, quando aplic\u00e1vel<\/li><li aria-level=\"1\"><b>carga de trabalho e esfor\u00e7o de aprendizagem<\/b> definidos (horas e\/ou cr\u00e9ditos ECTS)<\/li><li aria-level=\"1\">liga\u00e7\u00f5es a <b>profiss\u00f5es ESCO<\/b>, quando relevante<\/li><li aria-level=\"1\">alinhamento com as abordagens europeias \u00e0s microcredenciais<\/li><\/ul><p><br>Isto garante que todas as microcredenciais s\u00e3o <b>compar\u00e1veis, transparentes e relevantes para o mercado de trabalho<\/b><\/p>\t\t\t\t\t\t\t\t<\/div>\n\t\t\t\t<div class=\"elementor-element elementor-element-b95fb61 elementor-widget elementor-widget-heading\" data-id=\"b95fb61\" data-element_type=\"widget\" data-e-type=\"widget\" data-widget_type=\"heading.default\">\n\t\t\t\t\t<h2 class=\"elementor-heading-title elementor-size-default\">Reconhecimento e valor<\/h2>\t\t\t\t<\/div>\n\t\t\t\t<div class=\"elementor-element elementor-element-34983ca elementor-widget elementor-widget-text-editor\" data-id=\"34983ca\" data-element_type=\"widget\" data-e-type=\"widget\" data-widget_type=\"text-editor.default\">\n\t\t\t\t\t\t\t\t\t<p>As microcredenciais emitidas atrav\u00e9s do MIC n\u00e3o s\u00e3o qualifica\u00e7\u00f5es formais emitidas por autoridades p\u00fablicas. No entanto, proporcionam <b>forte reconhecimento setorial e valor pr\u00e1tico<\/b>, uma vez que s\u00e3o: <\/p><ul><li aria-level=\"1\">emitidas por uma alian\u00e7a europeia de organiza\u00e7\u00f5es reconhecidas<\/li><li aria-level=\"1\">alinhadas com necessidades reais do mercado de trabalho<\/li><li aria-level=\"1\">concebidas para refletir as compet\u00eancias exigidas no setor do Habitat<\/li><\/ul><p><br>S\u00e3o particularmente valiosas para:<\/p><ul><li aria-level=\"1\"><b>formandos de EFP (I-VET)<\/b> que entram no mercado de trabalho<\/li><li aria-level=\"1\"><b>formandos de C-VET e profissionais<\/b> que procuram melhorar ou reconverter compet\u00eancias<\/li><li aria-level=\"1\">organiza\u00e7\u00f5es que pretendem validar e estruturar compet\u00eancias<\/li><\/ul>\t\t\t\t\t\t\t\t<\/div>\n\t\t\t\t<div class=\"elementor-element elementor-element-73feec0 elementor-widget elementor-widget-heading\" data-id=\"73feec0\" data-element_type=\"widget\" data-e-type=\"widget\" data-widget_type=\"heading.default\">\n\t\t\t\t\t<h2 class=\"elementor-heading-title elementor-size-default\">Alinhamento com quadros europeus<\/h2>\t\t\t\t<\/div>\n\t\t\t\t<div class=\"elementor-element elementor-element-47872f3 elementor-widget elementor-widget-text-editor\" data-id=\"47872f3\" data-element_type=\"widget\" data-e-type=\"widget\" data-widget_type=\"text-editor.default\">\n\t\t\t\t\t\t\t\t\t<p>O MIC est\u00e1 alinhado com abordagens e ferramentas europeias fundamentais, incluindo:<\/p><ul><li aria-level=\"1\">o <b>Quadro Europeu de Qualifica\u00e7\u00f5es (QEQ)<\/b><\/li><li aria-level=\"1\">o <b>Modelo Europeu de Aprendizagem (ELM)<\/b><\/li><li aria-level=\"1\"><b>Europass<\/b><\/li><li aria-level=\"1\"><b>Credenciais Digitais Europeias para a Aprendizagem (EDC)<\/b><\/li><\/ul><p><br>Este alinhamento apoia a <b>transpar\u00eancia dos resultados de aprendizagem, a portabilidade das credenciais em toda a Europa e a interoperabilidade entre sistemas<\/b><\/p>\t\t\t\t\t\t\t\t<\/div>\n\t\t\t\t<div class=\"elementor-element elementor-element-eff8866 elementor-widget elementor-widget-heading\" data-id=\"eff8866\" data-element_type=\"widget\" data-e-type=\"widget\" data-widget_type=\"heading.default\">\n\t\t\t\t\t<h2 class=\"elementor-heading-title elementor-size-default\">Apoiar percursos de progress\u00e3o<\/h2>\t\t\t\t<\/div>\n\t\t\t\t<div class=\"elementor-element elementor-element-c180181 elementor-widget elementor-widget-text-editor\" data-id=\"c180181\" data-element_type=\"widget\" data-e-type=\"widget\" data-widget_type=\"text-editor.default\">\n\t\t\t\t\t\t\t\t\t<p>Sempre que poss\u00edvel, as microcredenciais dispon\u00edveis no MIC incluem informa\u00e7\u00e3o sobre:<\/p><ul><li aria-level=\"1\">percursos para <b>certifica\u00e7\u00f5es formais ou reconhecidas a n\u00edvel nacional<\/b><\/li><li aria-level=\"1\">liga\u00e7\u00f5es a sistemas de educa\u00e7\u00e3o e forma\u00e7\u00e3o existentes<\/li><li aria-level=\"1\">oportunidades de aprendizagem adicional e desenvolvimento profissional<\/li><\/ul><p><br>Isto ajuda os utilizadores a ligar as microcredenciais a percursos de qualifica\u00e7\u00e3o mais amplos e a oportunidades de carreira.<\/p>\t\t\t\t\t\t\t\t<\/div>\n\t\t\t\t<div class=\"elementor-element elementor-element-5ea9227 elementor-widget elementor-widget-heading\" data-id=\"5ea9227\" data-element_type=\"widget\" data-e-type=\"widget\" data-widget_type=\"heading.default\">\n\t\t\t\t\t<h2 class=\"elementor-heading-title elementor-size-default\">Uma abordagem orientada pelo setor<\/h2>\t\t\t\t<\/div>\n\t\t\t\t<div class=\"elementor-element elementor-element-3b1ce24 elementor-widget elementor-widget-text-editor\" data-id=\"3b1ce24\" data-element_type=\"widget\" data-e-type=\"widget\" data-widget_type=\"text-editor.default\">\n\t\t\t\t\t\t\t\t\t<p>O MIC baseia-se numa <b>abordagem orientada pelo setor ao reconhecimento de compet\u00eancias<\/b>, em que entidades formadoras, empresas e outras partes interessadas contribuem ativamente para definir e validar compet\u00eancias.<\/p><p>Ao combinar processos de valida\u00e7\u00e3o estruturados, colabora\u00e7\u00e3o entre organiza\u00e7\u00f5es e alinhamento com quadros europeus, o MIC contribui para refor\u00e7ar a <b>relev\u00e2ncia, acessibilidade e impacto do reconhecimento de compet\u00eancias<\/b> no setor do Habitat.<\/p>\t\t\t\t\t\t\t\t<\/div>\n\t\t\t\t\t<\/div>\n\t\t\t\t<\/div>\n\t\t\t\t<\/div>\n\t\t","protected":false},"excerpt":{"rendered":"<p>Qualidade e reconhecimento Sobre o Centro de Certifica\u00e7\u00e3o de Microcredenciais O Centro de Certifica\u00e7\u00e3o de Microcredenciais (MIC) \u00e9 um servi\u00e7o digital desenvolvido no \u00e2mbito do projeto HABITABLE para apoiar a valida\u00e7\u00e3o e certifica\u00e7\u00e3o de compet\u00eancias no setor do Habitat. Funciona como parte do HABITABLE Skills Hub e contribui para a cria\u00e7\u00e3o de um ecossistema partilhado para o reconhecimento de compet\u00eancias, alinhado com as prioridades europeias em mat\u00e9ria de aprendizagem ao longo da vida, ensino e forma\u00e7\u00e3o profissional (EFP) e as transi\u00e7\u00f5es ecol\u00f3gica e digital. O MIC foi concebido como um sistema aberto e escal\u00e1vel, permitindo que tanto os parceiros do projeto como organiza\u00e7\u00f5es externas desenvolvam e promovam microcredenciais. A Alian\u00e7a de Certifica\u00e7\u00e3o de Compet\u00eancias do Setor do Habitat Todas as microcredenciais dispon\u00edveis no MIC s\u00e3o: Emitidas pela Alian\u00e7a de Certifica\u00e7\u00e3o de Compet\u00eancias do Setor do Habitat Promovidas pelas organiza\u00e7\u00f5es que as desenvolvem A Alian\u00e7a re\u00fane, de toda a Europa, uma rede de universidades, autoridades educativas, entidades de EFP, centros de investiga\u00e7\u00e3o, empresas e organiza\u00e7\u00f5es setoriais. Estas entidades colaboram para garantir que as microcredenciais refletem necessidades reais de compet\u00eancias, se baseiam em compet\u00eancias relevantes e est\u00e3o alinhadas com a evolu\u00e7\u00e3o do setor. Cl\u00faster de Habitat Eficiente (AEICE) &#8211; ESPANHA Consejeria de Educacion de la Junta de Castilla y Le\u00f3n (EDUCACYL) &#8211; ESPANHA Instituto para el Fomento del Desarrollo y la Formaci\u00f3n (INFODEF) &#8211; ESPANHA Fundaci\u00f3n Instituto de la Construcci\u00f3n de Castilla y Le\u00f3n (ICCL) &#8211; ESPANHA Fundaci\u00f3n Centro de Servicios y Promoci\u00f3n Forestal y de su Industria de Castilla y Le\u00f3n (CESEFOR) &#8211; ESPANHA Fundacion Laboral de la Construccion (FLC) &#8211; ESPANHA Asociaci\u00f3n Empresarial de Investigaci\u00f3n Centro Tecnol\u00f3gico del Mueble y la Madera de la Regi\u00f3n de Murcia (CETEM) &#8211; ESPANHA Associa\u00e7\u00e3o Plataforma para a Constru\u00e7\u00e3o Sustent\u00e1vel (CLUSTER HABITAT) &#8211; PORTUGAL Centro Tecnologico da Ceramica e do Vidro (CTCV) &#8211; PORTUGAL Universidade de Aveiro (UAVR) &#8211; PORTUGAL Holzcluster Steiermark Gmbh (HCS) &#8211; \u00c1USTRIA Fachhochschule Salzburg Gmbh (FHS) &#8211; \u00c1USTRIA Cluster Viooikonomias Kai Perivallontos Dytikis Makedonias (CLUBE) &#8211; GR\u00c9CIA Dimitra Ekpaiditiki Simvilitiki AE (DIMITRA) &#8211; GR\u00c9CIA Panepistimio Thessalias (UTH) &#8211; GR\u00c9CIA Institutia Publica Centrul De Excelenta In Energetica Si Electronica (CEEE) &#8211; MOLD\u00c1VIA Construction College Construct2 (CONSTRUCT2) &#8211; GE\u00d3RGIA A Alian\u00e7a est\u00e1 aberta \u00e0 integra\u00e7\u00e3o de novas organiza\u00e7\u00f5es, apoiando o crescimento cont\u00ednuo e a sustentabilidade do MIC. Abordagem de qualidade O MIC segue uma abordagem estruturada e transparente para garantir a qualidade e a consist\u00eancia de todas as microcredenciais. Cada microcredencial baseia-se em: resultados de aprendizagem claramente definidos um m\u00e9todo de avalia\u00e7\u00e3o transparente um n\u00edvel do QEQ indicado, quando aplic\u00e1vel carga de trabalho e esfor\u00e7o de aprendizagem definidos (horas e\/ou cr\u00e9ditos ECTS) liga\u00e7\u00f5es a profiss\u00f5es ESCO, quando relevante alinhamento com as abordagens europeias \u00e0s microcredenciais Isto garante que todas as microcredenciais s\u00e3o compar\u00e1veis, transparentes e relevantes para o mercado de trabalho Reconhecimento e valor As microcredenciais emitidas atrav\u00e9s do MIC n\u00e3o s\u00e3o qualifica\u00e7\u00f5es formais emitidas por autoridades p\u00fablicas. No entanto, proporcionam forte reconhecimento setorial e valor pr\u00e1tico, uma vez que s\u00e3o: emitidas por uma alian\u00e7a europeia de organiza\u00e7\u00f5es reconhecidas alinhadas com necessidades reais do mercado de trabalho concebidas para refletir as compet\u00eancias exigidas no setor do Habitat S\u00e3o particularmente valiosas para: formandos de EFP (I-VET) que entram no mercado de trabalho formandos de C-VET e profissionais que procuram melhorar ou reconverter compet\u00eancias organiza\u00e7\u00f5es que pretendem validar e estruturar compet\u00eancias Alinhamento com quadros europeus O MIC est\u00e1 alinhado com abordagens e ferramentas europeias fundamentais, incluindo: o Quadro Europeu de Qualifica\u00e7\u00f5es (QEQ) o Modelo Europeu de Aprendizagem (ELM) Europass Credenciais Digitais Europeias para a Aprendizagem (EDC) Este alinhamento apoia a transpar\u00eancia dos resultados de aprendizagem, a portabilidade das credenciais em toda a Europa e a interoperabilidade entre sistemas Apoiar percursos de progress\u00e3o Sempre que poss\u00edvel, as microcredenciais dispon\u00edveis no MIC incluem informa\u00e7\u00e3o sobre: percursos para certifica\u00e7\u00f5es formais ou reconhecidas a n\u00edvel nacional liga\u00e7\u00f5es a sistemas de educa\u00e7\u00e3o e forma\u00e7\u00e3o existentes oportunidades de aprendizagem adicional e desenvolvimento profissional Isto ajuda os utilizadores a ligar as microcredenciais a percursos de qualifica\u00e7\u00e3o mais amplos e a oportunidades de carreira. Uma abordagem orientada pelo setor O MIC baseia-se numa abordagem orientada pelo setor ao reconhecimento de compet\u00eancias, em que entidades formadoras, empresas e outras partes interessadas contribuem ativamente para definir e validar compet\u00eancias. Ao combinar processos de valida\u00e7\u00e3o estruturados, colabora\u00e7\u00e3o entre organiza\u00e7\u00f5es e alinhamento com quadros europeus, o MIC contribui para refor\u00e7ar a relev\u00e2ncia, acessibilidade e impacto do reconhecimento de compet\u00eancias no setor do Habitat.<\/p>\n","protected":false},"author":1,"featured_media":0,"parent":0,"menu_order":0,"comment_status":"closed","ping_status":"closed","template":"elementor_canvas","meta":{"_acf_changed":false,"footnotes":""},"class_list":["post-1271","page","type-page","status-publish","hentry"],"acf":[],"_links":{"self":[{"href":"https:\/\/mic.habitable-cove.eu\/pt-pt\/wp-json\/wp\/v2\/pages\/1271","targetHints":{"allow":["GET"]}}],"collection":[{"href":"https:\/\/mic.habitable-cove.eu\/pt-pt\/wp-json\/wp\/v2\/pages"}],"about":[{"href":"https:\/\/mic.habitable-cove.eu\/pt-pt\/wp-json\/wp\/v2\/types\/page"}],"author":[{"embeddable":true,"href":"https:\/\/mic.habitable-cove.eu\/pt-pt\/wp-json\/wp\/v2\/users\/1"}],"replies":[{"embeddable":true,"href":"https:\/\/mic.habitable-cove.eu\/pt-pt\/wp-json\/wp\/v2\/comments?post=1271"}],"version-history":[{"count":5,"href":"https:\/\/mic.habitable-cove.eu\/pt-pt\/wp-json\/wp\/v2\/pages\/1271\/revisions"}],"predecessor-version":[{"id":1627,"href":"https:\/\/mic.habitable-cove.eu\/pt-pt\/wp-json\/wp\/v2\/pages\/1271\/revisions\/1627"}],"wp:attachment":[{"href":"https:\/\/mic.habitable-cove.eu\/pt-pt\/wp-json\/wp\/v2\/media?parent=1271"}],"curies":[{"name":"wp","href":"https:\/\/api.w.org\/{rel}","templated":true}]}}