{"id":1396,"date":"2026-04-14T13:47:30","date_gmt":"2026-04-14T13:47:30","guid":{"rendered":"https:\/\/mic.habitable-cove.eu\/so-funktioniert-es\/"},"modified":"2026-04-20T07:55:34","modified_gmt":"2026-04-20T07:55:34","slug":"so-funktioniert-es","status":"publish","type":"page","link":"https:\/\/mic.habitable-cove.eu\/de\/so-funktioniert-es\/","title":{"rendered":"So funktioniert es"},"content":{"rendered":"\t\t<div data-elementor-type=\"wp-page\" data-elementor-id=\"1396\" class=\"elementor elementor-1396 elementor-417\">\n\t\t\t\t<div class=\"elementor-element elementor-element-ac4ba05 e-flex e-con-boxed wpr-particle-no wpr-jarallax-no wpr-parallax-no wpr-sticky-section-no wpr-column-slider-no wpr-equal-height-no e-con e-parent\" data-id=\"ac4ba05\" data-element_type=\"container\" data-e-type=\"container\" data-settings=\"{&quot;background_background&quot;:&quot;classic&quot;}\">\n\t\t\t\t\t<div class=\"e-con-inner\">\n\t\t<div class=\"elementor-element elementor-element-be62622 e-flex e-con-boxed wpr-particle-no wpr-jarallax-no wpr-parallax-no wpr-sticky-section-no wpr-column-slider-no wpr-equal-height-no e-con e-child\" data-id=\"be62622\" data-element_type=\"container\" data-e-type=\"container\">\n\t\t\t\t\t<div class=\"e-con-inner\">\n\t\t\t\t<div class=\"elementor-element elementor-element-2b9bf22 elementor-widget elementor-widget-heading\" data-id=\"2b9bf22\" data-element_type=\"widget\" data-e-type=\"widget\" data-widget_type=\"heading.default\">\n\t\t\t\t\t<h1 class=\"elementor-heading-title elementor-size-default\">So funktioniert es<\/h1>\t\t\t\t<\/div>\n\t\t\t\t\t<\/div>\n\t\t\t\t<\/div>\n\t\t\t\t\t<\/div>\n\t\t\t\t<\/div>\n\t\t<div class=\"elementor-element elementor-element-0e6b242 e-flex e-con-boxed wpr-particle-no wpr-jarallax-no wpr-parallax-no wpr-sticky-section-no wpr-column-slider-no wpr-equal-height-no e-con e-parent\" data-id=\"0e6b242\" data-element_type=\"container\" data-e-type=\"container\">\n\t\t\t\t\t<div class=\"e-con-inner\">\n\t\t\t\t<div class=\"elementor-element elementor-element-c3f35cd elementor-widget elementor-widget-text-editor\" data-id=\"c3f35cd\" data-element_type=\"widget\" data-e-type=\"widget\" data-widget_type=\"text-editor.default\">\n\t\t\t\t\t\t\t\t\t<p>Das <b>Micro-credentials Certification Centre (MIC)<\/b> bietet einen einfachen und flexiblen Prozess zur Validierung Ihrer Kompetenzen und zum Erhalt eines Micro-Credentials.<\/p><p>Egal, ob Sie Lernender, Fachkraft oder Ausbilder sind, Sie k\u00f6nnen einem klaren Schritt-f\u00fcr-Schritt-Pfad folgen, um Ihre F\u00e4higkeiten nachzuweisen und Anerkennung zu erhalten.<\/p>\t\t\t\t\t\t\t\t<\/div>\n\t\t\t\t\t<\/div>\n\t\t\t\t<\/div>\n\t\t<div class=\"elementor-element elementor-element-ed2e105 e-flex e-con-boxed wpr-particle-no wpr-jarallax-no wpr-parallax-no wpr-sticky-section-no wpr-column-slider-no wpr-equal-height-no e-con e-parent\" data-id=\"ed2e105\" data-element_type=\"container\" data-e-type=\"container\">\n\t\t\t\t\t<div class=\"e-con-inner\">\n\t\t\t\t<div class=\"elementor-element elementor-element-f1799c0 elementor-widget elementor-widget-heading\" data-id=\"f1799c0\" data-element_type=\"widget\" data-e-type=\"widget\" data-widget_type=\"heading.default\">\n\t\t\t\t\t<h2 class=\"elementor-heading-title elementor-size-default\">Schritt-f\u00fcr-Schritt-Prozess<\/h2>\t\t\t\t<\/div>\n\t\t\t\t<div class=\"elementor-element elementor-element-3131f01 elementor-widget elementor-widget-timeline-widget-addon\" data-id=\"3131f01\" data-element_type=\"widget\" data-e-type=\"widget\" data-widget_type=\"timeline-widget-addon.default\">\n\t\t\t\t<div class=\"elementor-widget-container\">\n\t\t\t\t\t<!-- ========= Timeline Widget Addon For Elementor 1.6.24 ========= -->\n<div id=\"twae-wrapper-3131f01\" class=\"twae-vertical twae-wrapper  twae-both-sided\">   \n    <div class=\"twae-start\"><\/div>    \n    <div id=\"twea-timeline-3131f01\" class=\"twae-timeline\" ><!-- Start of Story Repeater Content --><div id=\"story-f3a9a93\" class=\"twae-story twae-repeater-item twae-story-right twae-story-no-icon\"><!-- Story Label --><div class=\"twae-labels\"><div class=\"twae-label-big\">Schritt 1<\/div><\/div><!-- Story Icon --><div class=\"twae-icon\"><svg aria-hidden=\"true\" class=\"e-font-icon-svg e-fas-search\" viewBox=\"0 0 512 512\" xmlns=\"http:\/\/www.w3.org\/2000\/svg\"><path d=\"M505 442.7L405.3 343c-4.5-4.5-10.6-7-17-7H372c27.6-35.3 44-79.7 44-128C416 93.1 322.9 0 208 0S0 93.1 0 208s93.1 208 208 208c48.3 0 92.7-16.4 128-44v16.3c0 6.4 2.5 12.5 7 17l99.7 99.7c9.4 9.4 24.6 9.4 33.9 0l28.3-28.3c9.4-9.4 9.4-24.6.1-34zM208 336c-70.7 0-128-57.2-128-128 0-70.7 57.2-128 128-128 70.7 0 128 57.2 128 128 0 70.7-57.2 128-128 128z\"><\/path><\/svg><\/div><!-- Story Arrow --><div class=\"twae-arrow\"><\/div><!-- Start of Story Content --><div class=\"twae-content\"><!-- Story Title --><div class=\"twae-title\">Verf\u00fcgbare Micro-Credentials erkunden<\/div><!-- Story Description --><div class=\"twae-description\"><p>Durchsuchen Sie das Micro-Credentials-Verzeichnis und identifizieren Sie die Micro-Credentials, die Ihrem Profil, Ihren Interessen und Ihren Karrierezielen entsprechen.<\/p>\n<\/div><\/div><\/div><!-- Start of Story Repeater Content --><div id=\"story-ad8cd98\" class=\"twae-story twae-repeater-item twae-story-left twae-story-no-icon\"><!-- Story Label --><div class=\"twae-labels\"><div class=\"twae-label-big\">Schritt 2<\/div><\/div><!-- Story Icon --><div class=\"twae-icon\"><svg aria-hidden=\"true\" class=\"e-font-icon-svg e-fas-check\" viewBox=\"0 0 512 512\" xmlns=\"http:\/\/www.w3.org\/2000\/svg\"><path d=\"M173.898 439.404l-166.4-166.4c-9.997-9.997-9.997-26.206 0-36.204l36.203-36.204c9.997-9.998 26.207-9.998 36.204 0L192 312.69 432.095 72.596c9.997-9.997 26.207-9.997 36.204 0l36.203 36.204c9.997 9.997 9.997 26.206 0 36.204l-294.4 294.401c-9.998 9.997-26.207 9.997-36.204-.001z\"><\/path><\/svg><\/div><!-- Story Arrow --><div class=\"twae-arrow\"><\/div><!-- Start of Story Content --><div class=\"twae-content\"><!-- Story Title --><div class=\"twae-title\">Ein Micro-Credential ausw\u00e4hlen<\/div><!-- Story Description --><div class=\"twae-description\"><p>Greifen Sie auf die detaillierte Beschreibung zu und \u00fcberpr\u00fcfen Sie deren Inhalt, einschlie\u00dflich Lernergebnissen, Niveau, Arbeitsaufwand und Relevanz f\u00fcr Ihren beruflichen Werdegang.<\/p>\n<\/div><\/div><\/div><!-- Start of Story Repeater Content --><div id=\"story-d43ecd7\" class=\"twae-story twae-repeater-item twae-story-right twae-story-no-icon\"><!-- Story Label --><div class=\"twae-labels\"><div class=\"twae-label-big\">Schritt 3<\/div><\/div><!-- Story Icon --><div class=\"twae-icon\"><svg aria-hidden=\"true\" class=\"e-font-icon-svg e-far-eye\" viewBox=\"0 0 576 512\" xmlns=\"http:\/\/www.w3.org\/2000\/svg\"><path d=\"M288 144a110.94 110.94 0 0 0-31.24 5 55.4 55.4 0 0 1 7.24 27 56 56 0 0 1-56 56 55.4 55.4 0 0 1-27-7.24A111.71 111.71 0 1 0 288 144zm284.52 97.4C518.29 135.59 410.93 64 288 64S57.68 135.64 3.48 241.41a32.35 32.35 0 0 0 0 29.19C57.71 376.41 165.07 448 288 448s230.32-71.64 284.52-177.41a32.35 32.35 0 0 0 0-29.19zM288 400c-98.65 0-189.09-55-237.93-144C98.91 167 189.34 112 288 112s189.09 55 237.93 144C477.1 345 386.66 400 288 400z\"><\/path><\/svg><\/div><!-- Story Arrow --><div class=\"twae-arrow\"><\/div><!-- Start of Story Content --><div class=\"twae-content\"><!-- Story Title --><div class=\"twae-title\">Anforderungen pr\u00fcfen<\/div><!-- Story Description --><div class=\"twae-description\"><p>Vergewissern Sie sich, dass Sie mit den abgedeckten Kompetenzen und gegebenenfalls mit dem entsprechenden Schulungsprogramm oder Kurs vertraut sind.<\/p>\n<\/div><\/div><\/div><!-- Start of Story Repeater Content --><div id=\"story-58dbfd7\" class=\"twae-story twae-repeater-item twae-story-left twae-story-no-icon\"><!-- Story Label --><div class=\"twae-labels\"><div class=\"twae-label-big\">Schritt 4<\/div><\/div><!-- Story Icon --><div class=\"twae-icon\"><svg aria-hidden=\"true\" class=\"e-font-icon-svg e-far-edit\" viewBox=\"0 0 576 512\" xmlns=\"http:\/\/www.w3.org\/2000\/svg\"><path d=\"M402.3 344.9l32-32c5-5 13.7-1.5 13.7 5.7V464c0 26.5-21.5 48-48 48H48c-26.5 0-48-21.5-48-48V112c0-26.5 21.5-48 48-48h273.5c7.1 0 10.7 8.6 5.7 13.7l-32 32c-1.5 1.5-3.5 2.3-5.7 2.3H48v352h352V350.5c0-2.1.8-4.1 2.3-5.6zm156.6-201.8L296.3 405.7l-90.4 10c-26.2 2.9-48.5-19.2-45.6-45.6l10-90.4L432.9 17.1c22.9-22.9 59.9-22.9 82.7 0l43.2 43.2c22.9 22.9 22.9 60 .1 82.8zM460.1 174L402 115.9 216.2 301.8l-7.3 65.3 65.3-7.3L460.1 174zm64.8-79.7l-43.2-43.2c-4.1-4.1-10.8-4.1-14.8 0L436 82l58.1 58.1 30.9-30.9c4-4.2 4-10.8-.1-14.9z\"><\/path><\/svg><\/div><!-- Story Arrow --><div class=\"twae-arrow\"><\/div><!-- Start of Story Content --><div class=\"twae-content\"><!-- Story Title --><div class=\"twae-title\">Die Bewertung abschlie\u00dfen<\/div><!-- Story Description --><div class=\"twae-description\"><p>Starten Sie den Validierungsprozess, indem Sie den Online-Fragebogen ausf\u00fcllen, der zur Bewertung Ihrer Kenntnisse und Kompetenzen dient.<\/p>\n<\/div><\/div><\/div><!-- Start of Story Repeater Content --><div id=\"story-5b896ee\" class=\"twae-story twae-repeater-item twae-story-right twae-story-no-icon\"><!-- Story Label --><div class=\"twae-labels\"><div class=\"twae-label-big\">Schritt 5<\/div><\/div><!-- Story Icon --><div class=\"twae-icon\"><svg aria-hidden=\"true\" class=\"e-font-icon-svg e-far-envelope\" viewBox=\"0 0 512 512\" xmlns=\"http:\/\/www.w3.org\/2000\/svg\"><path d=\"M464 64H48C21.49 64 0 85.49 0 112v288c0 26.51 21.49 48 48 48h416c26.51 0 48-21.49 48-48V112c0-26.51-21.49-48-48-48zm0 48v40.805c-22.422 18.259-58.168 46.651-134.587 106.49-16.841 13.247-50.201 45.072-73.413 44.701-23.208.375-56.579-31.459-73.413-44.701C106.18 199.465 70.425 171.067 48 152.805V112h416zM48 400V214.398c22.914 18.251 55.409 43.862 104.938 82.646 21.857 17.205 60.134 55.186 103.062 54.955 42.717.231 80.509-37.199 103.053-54.947 49.528-38.783 82.032-64.401 104.947-82.653V400H48z\"><\/path><\/svg><\/div><!-- Story Arrow --><div class=\"twae-arrow\"><\/div><!-- Start of Story Content --><div class=\"twae-content\"><!-- Story Title --><div class=\"twae-title\">Ihr Ergebnis erhalten<\/div><!-- Story Description --><div class=\"twae-description\"><p>Sobald Sie die Bewertung abgeschlossen haben, werden Ihre Antworten ausgewertet und Sie erhalten Ihr Ergebnis.<\/p>\n<\/div><\/div><\/div><!-- Start of Story Repeater Content --><div id=\"story-5e0b1c1\" class=\"twae-story twae-repeater-item twae-story-left twae-story-no-icon\"><!-- Story Label --><div class=\"twae-labels\"><div class=\"twae-label-big\">Schritt 6<\/div><\/div><!-- Story Icon --><div class=\"twae-icon\"><svg aria-hidden=\"true\" class=\"e-font-icon-svg e-fas-graduation-cap\" viewBox=\"0 0 640 512\" xmlns=\"http:\/\/www.w3.org\/2000\/svg\"><path d=\"M622.34 153.2L343.4 67.5c-15.2-4.67-31.6-4.67-46.79 0L17.66 153.2c-23.54 7.23-23.54 38.36 0 45.59l48.63 14.94c-10.67 13.19-17.23 29.28-17.88 46.9C38.78 266.15 32 276.11 32 288c0 10.78 5.68 19.85 13.86 25.65L20.33 428.53C18.11 438.52 25.71 448 35.94 448h56.11c10.24 0 17.84-9.48 15.62-19.47L82.14 313.65C90.32 307.85 96 298.78 96 288c0-11.57-6.47-21.25-15.66-26.87.76-15.02 8.44-28.3 20.69-36.72L296.6 284.5c9.06 2.78 26.44 6.25 46.79 0l278.95-85.7c23.55-7.24 23.55-38.36 0-45.6zM352.79 315.09c-28.53 8.76-52.84 3.92-65.59 0l-145.02-44.55L128 384c0 35.35 85.96 64 192 64s192-28.65 192-64l-14.18-113.47-145.03 44.56z\"><\/path><\/svg><\/div><!-- Story Arrow --><div class=\"twae-arrow\"><\/div><!-- Start of Story Content --><div class=\"twae-content\"><!-- Story Title --><div class=\"twae-title\">Ihr Micro-Credential erhalten<\/div><!-- Story Description --><div class=\"twae-description\"><p>Wenn Sie die erforderlichen Lernergebnisse erfolgreich erf\u00fcllen, wird Ihnen das Micro-Credential verliehen. Alle Micro-Credentials werden von der Habitat Sector Skills Certification Alliance ausgestellt und von der Organisation gef\u00f6rdert, die sie entwickelt hat. <\/p>\n<\/div><\/div><\/div><\/div>\n    <div class=\"twae-end\"><\/div>\n    <\/div><style type=\"text\/css\">@media (max-width: 1024px){ .twae-wrapper{--tw-ybx-size: 80px !important;}}@media (max-width: 767px){ .twae-wrapper{--tw-ybx-size: 80px !important}}<\/style>\t\t\t\t<\/div>\n\t\t\t\t<\/div>\n\t\t\t\t\t<\/div>\n\t\t\t\t<\/div>\n\t\t<div class=\"elementor-element elementor-element-fdce96e e-flex e-con-boxed wpr-particle-no wpr-jarallax-no wpr-parallax-no wpr-sticky-section-no wpr-column-slider-no wpr-equal-height-no e-con e-parent\" data-id=\"fdce96e\" data-element_type=\"container\" data-e-type=\"container\">\n\t\t\t\t\t<div class=\"e-con-inner\">\n\t\t\t\t<div class=\"elementor-element elementor-element-265ee97 elementor-widget elementor-widget-text-editor\" data-id=\"265ee97\" data-element_type=\"widget\" data-e-type=\"widget\" data-widget_type=\"text-editor.default\">\n\t\t\t\t\t\t\t\t\t<p><b>Flexibel und benutzerfreundlich<\/b><\/p><p>Der Prozess ist so konzipiert, dass er:<\/p><ul><li aria-level=\"1\"><b>Vollst\u00e4ndig online ist<\/b><\/li><li aria-level=\"1\"><b>Flexibel<\/b> ist und es Ihnen erm\u00f6glicht, die Bewertung in Ihrem eigenen Tempo abzuschlie\u00dfen<\/li><li aria-level=\"1\"><b>Zug\u00e4nglich<\/b> ist und verschiedene Benutzerprofile und Lernpfade unterst\u00fctzt<\/li><\/ul><p><b><br>Anerkennung und Weiterentwicklung<\/b><\/p><p>\u00dcber das MIC erworbene Micro-Credentials:<\/p><ul><li aria-level=\"1\">validieren Ihre Kompetenzen auf strukturierte Weise<\/li><li aria-level=\"1\">unterst\u00fctzen Ihre Besch\u00e4ftigungsf\u00e4higkeit und berufliche Entwicklung<\/li><li aria-level=\"1\">sind, sofern zutreffend, mit <b>ESCO-Berufen<\/b> und realen Jobprofilen verkn\u00fcpft<\/li><li aria-level=\"1\">k\u00f6nnen eine Anleitung zu <b>formalen oder national anerkannten Zertifizierungen<\/b> enthalten<\/li><\/ul>\t\t\t\t\t\t\t\t<\/div>\n\t\t\t\t\t<\/div>\n\t\t\t\t<\/div>\n\t\t<div class=\"elementor-element elementor-element-6e65fa1 e-flex e-con-boxed wpr-particle-no wpr-jarallax-no wpr-parallax-no wpr-sticky-section-no wpr-column-slider-no wpr-equal-height-no e-con e-parent\" data-id=\"6e65fa1\" data-element_type=\"container\" data-e-type=\"container\" data-settings=\"{&quot;background_background&quot;:&quot;classic&quot;}\">\n\t\t\t\t\t<div class=\"e-con-inner\">\n\t\t<div class=\"elementor-element elementor-element-e614527 e-con-full e-flex wpr-particle-no wpr-jarallax-no wpr-parallax-no wpr-sticky-section-no wpr-column-slider-no wpr-equal-height-no e-con e-child\" data-id=\"e614527\" data-element_type=\"container\" data-e-type=\"container\">\n\t\t\t\t<div class=\"elementor-element elementor-element-0266db1 elementor-align-center elementor-widget elementor-widget-button\" data-id=\"0266db1\" data-element_type=\"widget\" data-e-type=\"widget\" data-widget_type=\"button.default\">\n\t\t\t\t\t\t\t\t\t\t<a class=\"elementor-button elementor-button-link elementor-size-sm\" href=\"https:\/\/mic.habitable-cove.eu\/de\/verzeichnis-der-micro-credentials\/\">\n\t\t\t\t\t\t<span class=\"elementor-button-content-wrapper\">\n\t\t\t\t\t\t<span class=\"elementor-button-icon\">\n\t\t\t\t<svg aria-hidden=\"true\" class=\"e-font-icon-svg e-fas-arrow-right\" viewBox=\"0 0 448 512\" xmlns=\"http:\/\/www.w3.org\/2000\/svg\"><path d=\"M190.5 66.9l22.2-22.2c9.4-9.4 24.6-9.4 33.9 0L441 239c9.4 9.4 9.4 24.6 0 33.9L246.6 467.3c-9.4 9.4-24.6 9.4-33.9 0l-22.2-22.2c-9.5-9.5-9.3-25 .4-34.3L311.4 296H24c-13.3 0-24-10.7-24-24v-32c0-13.3 10.7-24 24-24h287.4L190.9 101.2c-9.8-9.3-10-24.8-.4-34.3z\"><\/path><\/svg>\t\t\t<\/span>\n\t\t\t\t\t\t\t\t\t<span class=\"elementor-button-text\">Micro-Credentials erkunden<\/span>\n\t\t\t\t\t<\/span>\n\t\t\t\t\t<\/a>\n\t\t\t\t\t\t\t\t<\/div>\n\t\t\t\t<div class=\"elementor-element elementor-element-daf8ac9 elementor-widget elementor-widget-text-editor\" data-id=\"daf8ac9\" data-element_type=\"widget\" data-e-type=\"widget\" data-widget_type=\"text-editor.default\">\n\t\t\t\t\t\t\t\t\t<p>Beginnen Sie Ihre Reise und validieren Sie Ihre Kompetenzen im Habitat-Sektor.<\/p>\t\t\t\t\t\t\t\t<\/div>\n\t\t\t\t<\/div>\n\t\t\t\t\t<\/div>\n\t\t\t\t<\/div>\n\t\t\t\t<\/div>\n\t\t","protected":false},"excerpt":{"rendered":"<p>So funktioniert es Das Micro-credentials Certification Centre (MIC) bietet einen einfachen und flexiblen Prozess zur Validierung Ihrer Kompetenzen und zum Erhalt eines Micro-Credentials. Egal, ob Sie Lernender, Fachkraft oder Ausbilder sind, Sie k\u00f6nnen einem klaren Schritt-f\u00fcr-Schritt-Pfad folgen, um Ihre F\u00e4higkeiten nachzuweisen und Anerkennung zu erhalten. Schritt-f\u00fcr-Schritt-Prozess Schritt 1Verf\u00fcgbare Micro-Credentials erkunden Durchsuchen Sie das Micro-Credentials-Verzeichnis und identifizieren Sie die Micro-Credentials, die Ihrem Profil, Ihren Interessen und Ihren Karrierezielen entsprechen. Schritt 2Ein Micro-Credential ausw\u00e4hlen Greifen Sie auf die detaillierte Beschreibung zu und \u00fcberpr\u00fcfen Sie deren Inhalt, einschlie\u00dflich Lernergebnissen, Niveau, Arbeitsaufwand und Relevanz f\u00fcr Ihren beruflichen Werdegang. Schritt 3Anforderungen pr\u00fcfen Vergewissern Sie sich, dass Sie mit den abgedeckten Kompetenzen und gegebenenfalls mit dem entsprechenden Schulungsprogramm oder Kurs vertraut sind. Schritt 4Die Bewertung abschlie\u00dfen Starten Sie den Validierungsprozess, indem Sie den Online-Fragebogen ausf\u00fcllen, der zur Bewertung Ihrer Kenntnisse und Kompetenzen dient. Schritt 5Ihr Ergebnis erhalten Sobald Sie die Bewertung abgeschlossen haben, werden Ihre Antworten ausgewertet und Sie erhalten Ihr Ergebnis. Schritt 6Ihr Micro-Credential erhalten Wenn Sie die erforderlichen Lernergebnisse erfolgreich erf\u00fcllen, wird Ihnen das Micro-Credential verliehen. Alle Micro-Credentials werden von der Habitat Sector Skills Certification Alliance ausgestellt und von der Organisation gef\u00f6rdert, die sie entwickelt hat. Flexibel und benutzerfreundlich Der Prozess ist so konzipiert, dass er: Vollst\u00e4ndig online ist Flexibel ist und es Ihnen erm\u00f6glicht, die Bewertung in Ihrem eigenen Tempo abzuschlie\u00dfen Zug\u00e4nglich ist und verschiedene Benutzerprofile und Lernpfade unterst\u00fctzt Anerkennung und Weiterentwicklung \u00dcber das MIC erworbene Micro-Credentials: validieren Ihre Kompetenzen auf strukturierte Weise unterst\u00fctzen Ihre Besch\u00e4ftigungsf\u00e4higkeit und berufliche Entwicklung sind, sofern zutreffend, mit ESCO-Berufen und realen Jobprofilen verkn\u00fcpft k\u00f6nnen eine Anleitung zu formalen oder national anerkannten Zertifizierungen enthalten Micro-Credentials erkunden Beginnen Sie Ihre Reise und validieren Sie Ihre Kompetenzen im Habitat-Sektor.<\/p>\n","protected":false},"author":1,"featured_media":0,"parent":0,"menu_order":0,"comment_status":"closed","ping_status":"closed","template":"elementor_canvas","meta":{"_acf_changed":false,"footnotes":""},"class_list":["post-1396","page","type-page","status-publish","hentry"],"acf":[],"_links":{"self":[{"href":"https:\/\/mic.habitable-cove.eu\/de\/wp-json\/wp\/v2\/pages\/1396","targetHints":{"allow":["GET"]}}],"collection":[{"href":"https:\/\/mic.habitable-cove.eu\/de\/wp-json\/wp\/v2\/pages"}],"about":[{"href":"https:\/\/mic.habitable-cove.eu\/de\/wp-json\/wp\/v2\/types\/page"}],"author":[{"embeddable":true,"href":"https:\/\/mic.habitable-cove.eu\/de\/wp-json\/wp\/v2\/users\/1"}],"replies":[{"embeddable":true,"href":"https:\/\/mic.habitable-cove.eu\/de\/wp-json\/wp\/v2\/comments?post=1396"}],"version-history":[{"count":1,"href":"https:\/\/mic.habitable-cove.eu\/de\/wp-json\/wp\/v2\/pages\/1396\/revisions"}],"predecessor-version":[{"id":1398,"href":"https:\/\/mic.habitable-cove.eu\/de\/wp-json\/wp\/v2\/pages\/1396\/revisions\/1398"}],"wp:attachment":[{"href":"https:\/\/mic.habitable-cove.eu\/de\/wp-json\/wp\/v2\/media?parent=1396"}],"curies":[{"name":"wp","href":"https:\/\/api.w.org\/{rel}","templated":true}]}}