{"id":1268,"date":"2026-04-16T08:49:16","date_gmt":"2026-04-16T08:49:16","guid":{"rendered":"https:\/\/mic.habitable-cove.eu\/ueber-das-mic\/"},"modified":"2026-04-29T14:26:39","modified_gmt":"2026-04-29T14:26:39","slug":"ueber-das-mic","status":"publish","type":"page","link":"https:\/\/mic.habitable-cove.eu\/de\/ueber-das-mic\/","title":{"rendered":"Qualit\u00e4t und Anerkennung"},"content":{"rendered":"\t\t<div data-elementor-type=\"wp-page\" data-elementor-id=\"1268\" class=\"elementor elementor-1268 elementor-691\">\n\t\t\t\t<div class=\"elementor-element elementor-element-ac4ba05 e-flex e-con-boxed wpr-particle-no wpr-jarallax-no wpr-parallax-no wpr-sticky-section-no wpr-column-slider-no wpr-equal-height-no e-con e-parent\" data-id=\"ac4ba05\" data-element_type=\"container\" data-e-type=\"container\" data-settings=\"{&quot;background_background&quot;:&quot;classic&quot;}\">\n\t\t\t\t\t<div class=\"e-con-inner\">\n\t\t<div class=\"elementor-element elementor-element-be62622 e-flex e-con-boxed wpr-particle-no wpr-jarallax-no wpr-parallax-no wpr-sticky-section-no wpr-column-slider-no wpr-equal-height-no e-con e-child\" data-id=\"be62622\" data-element_type=\"container\" data-e-type=\"container\">\n\t\t\t\t\t<div class=\"e-con-inner\">\n\t\t\t\t<div class=\"elementor-element elementor-element-2b9bf22 elementor-widget-tablet__width-initial elementor-widget elementor-widget-heading\" data-id=\"2b9bf22\" data-element_type=\"widget\" data-e-type=\"widget\" data-widget_type=\"heading.default\">\n\t\t\t\t\t<h1 class=\"elementor-heading-title elementor-size-default\">Qualit\u00e4t und Anerkennung<\/h1>\t\t\t\t<\/div>\n\t\t\t\t\t<\/div>\n\t\t\t\t<\/div>\n\t\t\t\t\t<\/div>\n\t\t\t\t<\/div>\n\t\t<div class=\"elementor-element elementor-element-0e6b242 e-flex e-con-boxed wpr-particle-no wpr-jarallax-no wpr-parallax-no wpr-sticky-section-no wpr-column-slider-no wpr-equal-height-no e-con e-parent\" data-id=\"0e6b242\" data-element_type=\"container\" data-e-type=\"container\">\n\t\t\t\t\t<div class=\"e-con-inner\">\n\t\t\t\t<div class=\"elementor-element elementor-element-c408d63 elementor-widget elementor-widget-heading\" data-id=\"c408d63\" data-element_type=\"widget\" data-e-type=\"widget\" data-widget_type=\"heading.default\">\n\t\t\t\t\t<h2 class=\"elementor-heading-title elementor-size-default\">\u00dcber das Zertifizierungszentrum f\u00fcr Mikro-Zertifikate\n<\/h2>\t\t\t\t<\/div>\n\t\t\t\t<div class=\"elementor-element elementor-element-c3f35cd elementor-widget elementor-widget-text-editor\" data-id=\"c3f35cd\" data-element_type=\"widget\" data-e-type=\"widget\" data-widget_type=\"text-editor.default\">\n\t\t\t\t\t\t\t\t\t<p>Das <b>Zertifizierungszentrum f\u00fcr Mikro-Zertifikate (MIC)<\/b> ist ein digitaler Dienst, der im Rahmen des HABITABLE-Projekts entwickelt wurde, um die <b>Validierung und Zertifizierung von F\u00e4higkeiten<\/b> im Habitat-Sektor zu unterst\u00fctzen.<\/p><p>Es agiert als Teil des HABITABLE Skills Hub und tr\u00e4gt zum Aufbau eines <b>gemeinsamen \u00d6kosystems zur Anerkennung von F\u00e4higkeiten<\/b> bei, das mit den europ\u00e4ischen Priorit\u00e4ten f\u00fcr lebenslanges Lernen, berufliche Aus- und Weiterbildung (VET) sowie die gr\u00fcne und digitale Transformation \u00fcbereinstimmt.<\/p><p>Das MIC ist als <b>offenes und skalierbares System<\/b> konzipiert, das sowohl Projektpartnern als auch externen Organisationen die Entwicklung und F\u00f6rderung von Mikro-Zertifikaten erm\u00f6glicht.<\/p>\t\t\t\t\t\t\t\t<\/div>\n\t\t\t\t<div class=\"elementor-element elementor-element-1bc6f59 elementor-widget elementor-widget-heading\" data-id=\"1bc6f59\" data-element_type=\"widget\" data-e-type=\"widget\" data-widget_type=\"heading.default\">\n\t\t\t\t\t<h2 class=\"elementor-heading-title elementor-size-default\">Die Zertifizierungsallianz f\u00fcr F\u00e4higkeiten im Habitat-Sektor<\/h2>\t\t\t\t<\/div>\n\t\t\t\t<div class=\"elementor-element elementor-element-d5e4798 elementor-widget elementor-widget-text-editor\" data-id=\"d5e4798\" data-element_type=\"widget\" data-e-type=\"widget\" data-widget_type=\"text-editor.default\">\n\t\t\t\t\t\t\t\t\t<p>Alle im MIC verf\u00fcgbaren Mikro-Zertifikate werden:<\/p><ul><li aria-level=\"1\"><b>Ausgestellt von<\/b> der <i>Zertifizierungsallianz f\u00fcr F\u00e4higkeiten im Habitat-Sektor<\/i><\/li><li aria-level=\"1\"><b>Gef\u00f6rdert von<\/b> den Organisationen, die sie entwickeln<\/li><\/ul><p><br>Die Allianz vereint ein europaweites Netzwerk von Universit\u00e4ten, Bildungsbeh\u00f6rden, VET-Anbietern, Forschungszentren, Unternehmen und Branchenorganisationen. Diese Einrichtungen arbeiten zusammen, um sicherzustellen, dass Mikro-Zertifikate <b>tats\u00e4chliche Kompetenzbedarfe<\/b> widerspiegeln, auf relevanten Kompetenzen basieren und mit den Entwicklungen im Sektor \u00fcbereinstimmen.  <\/p><ul><li aria-level=\"1\"><a href=\"https:\/\/www.aeice.org\/\" target=\"_blank\" rel=\"noopener\">Cl\u00faster de Habitat Eficiente (AEICE) \u2013 SPANIEN<\/a><\/li><li aria-level=\"1\"><a href=\"https:\/\/www.educa.jcyl.es\/\" target=\"_blank\" rel=\"noopener\">Consejeria de Educacion de la Junta de Castilla y Le\u00f3n (EDUCACYL) \u2013 SPANIEN<\/a><\/li><li aria-level=\"1\"><a href=\"https:\/\/infodef.es\/\" target=\"_blank\" rel=\"noopener\">Instituto para el Fomento del Desarrollo y la Formaci\u00f3n (INFODEF) \u2013 SPANIEN<\/a><\/li><li aria-level=\"1\"><a href=\"http:\/\/www.iccl.es\/\" target=\"_blank\" rel=\"noopener\">Fundaci\u00f3n Instituto de la Construcci\u00f3n de Castilla y Le\u00f3n (ICCL) \u2013 SPANIEN<\/a><\/li><li aria-level=\"1\"><a href=\"https:\/\/cesefor.com\/\" target=\"_blank\" rel=\"noopener\">Fundaci\u00f3n Centro de Servicios y Promoci\u00f3n Forestal y de su Industria de Castilla y Le\u00f3n (CESEFOR) \u2013 SPANIEN<\/a><\/li><li aria-level=\"1\"><a href=\"https:\/\/www.fundacionlaboral.org\/\" target=\"_blank\" rel=\"noopener\">Fundacion Laboral de la Construccion (FLC) \u2013 SPANIEN<\/a><\/li><li aria-level=\"1\"><a href=\"https:\/\/cetem.es\/\" target=\"_blank\" rel=\"noopener\">Asociaci\u00f3n Empresarial de Investigaci\u00f3n Centro Tecnol\u00f3gico del Mueble y la Madera de la Regi\u00f3n de Murcia (CETEM) \u2013 SPANIEN<\/a><\/li><li aria-level=\"1\"><a href=\"https:\/\/clusterhabitat.pt\/\" target=\"_blank\" rel=\"noopener\">Associa\u00e7\u00e3o Plataforma para a Constru\u00e7\u00e3o Sustent\u00e1vel (CLUSTER HABITAT) \u2013 PORTUGAL<\/a><\/li><li aria-level=\"1\"><a href=\"https:\/\/www.ctcv.pt\/\" target=\"_blank\" rel=\"noopener\">Centro Tecnologico da Ceramica e do Vidro (CTCV) \u2013 PORTUGAL<\/a><\/li><li aria-level=\"1\"><a href=\"https:\/\/www.ua.pt\/\" target=\"_blank\" rel=\"noopener\">Universidade de Aveiro (UAVR) \u2013 PORTUGAL<\/a><\/li><li aria-level=\"1\"><a href=\"https:\/\/www.holzcluster-steiermark.at\/\" target=\"_blank\" rel=\"noopener\">Holzcluster Steiermark Gmbh (HCS) \u2013 \u00d6STERREICH<\/a><\/li><li aria-level=\"1\"><a href=\"https:\/\/www.fh-salzburg.ac.at\/\" target=\"_blank\" rel=\"noopener\">Fachhochschule Salzburg Gmbh (FHS) \u2013 \u00d6STERREICH<\/a><\/li><li aria-level=\"1\"><a href=\"https:\/\/clube.gr\/en\/\" target=\"_blank\" rel=\"noopener\">Cluster Viooikonomias Kai Perivallontos Dytikis Makedonias (CLUBE) \u2013 GRIECHENLAND<\/a><\/li><li aria-level=\"1\"><a href=\"https:\/\/www.dimitra.gr\/\" target=\"_blank\" rel=\"noopener\">Dimitra Ekpaiditiki Simvilitiki AE (DIMITRA) \u2013 GRIECHENLAND<\/a><\/li><li aria-level=\"1\"><a href=\"https:\/\/fwsd.uth.gr\/en\/\" target=\"_blank\" rel=\"noopener\">Panepistimio Thessalias (UTH) \u2013 GRIECHENLAND<\/a><\/li><li aria-level=\"1\"><a href=\"https:\/\/ceee.md\/\" target=\"_blank\" rel=\"noopener\">Institutia Publica Centrul De Excelenta In Energetica Si Electronica (CEEE) \u2013 MOLDAU<\/a><\/li><li aria-level=\"1\"><a href=\"https:\/\/construct2.ge\/\" target=\"_blank\" rel=\"noopener\">Construction College Construct2 (CONSTRUCT2) \u2013 GEORGIEN<\/a><\/li><\/ul><p><br>Die Allianz ist offen f\u00fcr die Aufnahme neuer Organisationen und unterst\u00fctzt so das kontinuierliche Wachstum und die Nachhaltigkeit des MIC.<\/p>\t\t\t\t\t\t\t\t<\/div>\n\t\t\t\t<div class=\"elementor-element elementor-element-13dfcd0 elementor-widget elementor-widget-heading\" data-id=\"13dfcd0\" data-element_type=\"widget\" data-e-type=\"widget\" data-widget_type=\"heading.default\">\n\t\t\t\t\t<h2 class=\"elementor-heading-title elementor-size-default\">Qualit\u00e4tsansatz<\/h2>\t\t\t\t<\/div>\n\t\t\t\t<div class=\"elementor-element elementor-element-b30dc77 elementor-widget elementor-widget-text-editor\" data-id=\"b30dc77\" data-element_type=\"widget\" data-e-type=\"widget\" data-widget_type=\"text-editor.default\">\n\t\t\t\t\t\t\t\t\t<p>Das MIC verfolgt einen strukturierten und transparenten Ansatz, um die Qualit\u00e4t und Konsistenz aller Mikro-Zertifikate zu gew\u00e4hrleisten.<\/p><p>Jedes Mikro-Zertifikat basiert auf:<\/p><ul><li aria-level=\"1\">klar definierten <b>Lernergebnissen<\/b><\/li><li aria-level=\"1\">einer transparenten <b>Bewertungsmethode<\/b><\/li><li aria-level=\"1\">einem angegebenen <b>EQF-Niveau<\/b>, sofern zutreffend<\/li><li aria-level=\"1\">definiertem <b>Arbeitsaufwand und Lernaufwand<\/b> (Stunden und\/oder ECTS-Punkte)<\/li><li aria-level=\"1\">Verkn\u00fcpfungen zu <b>ESCO-Berufen<\/b>, wo relevant<\/li><li aria-level=\"1\">Abstimmung mit europ\u00e4ischen Ans\u00e4tzen f\u00fcr Mikro-Zertifikate<\/li><\/ul><p><br>Dies gew\u00e4hrleistet, dass alle Mikro-Zertifikate <b>vergleichbar, transparent und relevant f\u00fcr den Arbeitsmarkt<\/b> sind.<\/p>\t\t\t\t\t\t\t\t<\/div>\n\t\t\t\t<div class=\"elementor-element elementor-element-b95fb61 elementor-widget elementor-widget-heading\" data-id=\"b95fb61\" data-element_type=\"widget\" data-e-type=\"widget\" data-widget_type=\"heading.default\">\n\t\t\t\t\t<h2 class=\"elementor-heading-title elementor-size-default\">Anerkennung und Wert<\/h2>\t\t\t\t<\/div>\n\t\t\t\t<div class=\"elementor-element elementor-element-34983ca elementor-widget elementor-widget-text-editor\" data-id=\"34983ca\" data-element_type=\"widget\" data-e-type=\"widget\" data-widget_type=\"text-editor.default\">\n\t\t\t\t\t\t\t\t\t<p>Mikro-Zertifikate, die \u00fcber das MIC ausgestellt werden, sind keine formellen Qualifikationen, die von \u00f6ffentlichen Beh\u00f6rden vergeben werden. Sie bieten jedoch eine <b>starke sektorale Anerkennung und praktischen Wert<\/b>, da sie: <\/p><ul><li aria-level=\"1\">von einer europ\u00e4ischen Allianz anerkannter Organisationen ausgestellt werden<\/li><li aria-level=\"1\">auf die tats\u00e4chlichen Bed\u00fcrfnisse des Arbeitsmarktes abgestimmt sind<\/li><li aria-level=\"1\">darauf ausgelegt sind, die im Habitat-Sektor erforderlichen Kompetenzen widerzuspiegeln<\/li><\/ul><p><br>Sie sind besonders wertvoll f\u00fcr:<\/p><ul><li aria-level=\"1\"><b>VET-Lernende (I-VET)<\/b>, die in den Arbeitsmarkt eintreten<\/li><li aria-level=\"1\"><b>C-VET-Lernende und Fachkr\u00e4fte<\/b>, die sich weiterbilden oder umschulen m\u00f6chten<\/li><li aria-level=\"1\">Organisationen, die Kompetenzen validieren und strukturieren m\u00f6chten<\/li><\/ul>\t\t\t\t\t\t\t\t<\/div>\n\t\t\t\t<div class=\"elementor-element elementor-element-73feec0 elementor-widget elementor-widget-heading\" data-id=\"73feec0\" data-element_type=\"widget\" data-e-type=\"widget\" data-widget_type=\"heading.default\">\n\t\t\t\t\t<h2 class=\"elementor-heading-title elementor-size-default\">Abstimmung mit europ\u00e4ischen Rahmenwerken<\/h2>\t\t\t\t<\/div>\n\t\t\t\t<div class=\"elementor-element elementor-element-47872f3 elementor-widget elementor-widget-text-editor\" data-id=\"47872f3\" data-element_type=\"widget\" data-e-type=\"widget\" data-widget_type=\"text-editor.default\">\n\t\t\t\t\t\t\t\t\t<p>Das MIC ist auf wichtige europ\u00e4ische Ans\u00e4tze und Instrumente abgestimmt, darunter:<\/p><ul><li aria-level=\"1\">der <b>Europ\u00e4ische Qualifikationsrahmen (EQF)<\/b><\/li><li aria-level=\"1\">das <b>Europ\u00e4ische Lernmodell (ELM)<\/b><\/li><li aria-level=\"1\"><b>Europass<\/b><\/li><li aria-level=\"1\"><b>European Digital Credentials for Learning (EDC)<\/b><\/li><\/ul><p><br>Diese Abstimmung unterst\u00fctzt die <b>Transparenz der Lernergebnisse, die \u00dcbertragbarkeit von Qualifikationen in ganz Europa und die Interoperabilit\u00e4t zwischen Systemen<\/b>.<\/p>\t\t\t\t\t\t\t\t<\/div>\n\t\t\t\t<div class=\"elementor-element elementor-element-eff8866 elementor-widget elementor-widget-heading\" data-id=\"eff8866\" data-element_type=\"widget\" data-e-type=\"widget\" data-widget_type=\"heading.default\">\n\t\t\t\t\t<h2 class=\"elementor-heading-title elementor-size-default\">Unterst\u00fctzung von Fortschrittspfaden<\/h2>\t\t\t\t<\/div>\n\t\t\t\t<div class=\"elementor-element elementor-element-c180181 elementor-widget elementor-widget-text-editor\" data-id=\"c180181\" data-element_type=\"widget\" data-e-type=\"widget\" data-widget_type=\"text-editor.default\">\n\t\t\t\t\t\t\t\t\t<p>Wo immer m\u00f6glich, enthalten im MIC verf\u00fcgbare Mikro-Zertifikate Informationen zu:<\/p><ul><li aria-level=\"1\">Pfaden zu <b>formellen oder national anerkannten Zertifizierungen<\/b><\/li><li aria-level=\"1\">Verkn\u00fcpfungen zu bestehenden Bildungs- und Ausbildungssystemen<\/li><li aria-level=\"1\">M\u00f6glichkeiten f\u00fcr weiteres Lernen und berufliche Entwicklung<\/li><\/ul><p><br>Dies hilft Nutzern, Mikro-Zertifikate mit breiteren Qualifikationswegen und Karrierem\u00f6glichkeiten zu verkn\u00fcpfen.<\/p>\t\t\t\t\t\t\t\t<\/div>\n\t\t\t\t<div class=\"elementor-element elementor-element-5ea9227 elementor-widget elementor-widget-heading\" data-id=\"5ea9227\" data-element_type=\"widget\" data-e-type=\"widget\" data-widget_type=\"heading.default\">\n\t\t\t\t\t<h2 class=\"elementor-heading-title elementor-size-default\">Ein sektororientierter Ansatz<\/h2>\t\t\t\t<\/div>\n\t\t\t\t<div class=\"elementor-element elementor-element-3b1ce24 elementor-widget elementor-widget-text-editor\" data-id=\"3b1ce24\" data-element_type=\"widget\" data-e-type=\"widget\" data-widget_type=\"text-editor.default\">\n\t\t\t\t\t\t\t\t\t<p>Das MIC basiert auf einem <b>sektororientierten Ansatz zur Kompetenzerkennung<\/b>, bei dem Bildungsanbieter, Unternehmen und andere Interessengruppen aktiv zur Definition und Validierung von Kompetenzen beitragen.<\/p><p>Durch die Kombination von strukturierten Validierungsprozessen, der Zusammenarbeit zwischen Organisationen und der Abstimmung mit europ\u00e4ischen Rahmenwerken tr\u00e4gt das MIC dazu bei, die <b>Relevanz, Zug\u00e4nglichkeit und Wirkung der Kompetenzerkennung<\/b> im Habitat-Sektor zu st\u00e4rken.<\/p>\t\t\t\t\t\t\t\t<\/div>\n\t\t\t\t\t<\/div>\n\t\t\t\t<\/div>\n\t\t\t\t<\/div>\n\t\t","protected":false},"excerpt":{"rendered":"<p>Qualit\u00e4t und Anerkennung \u00dcber das Zertifizierungszentrum f\u00fcr Mikro-Zertifikate Das Zertifizierungszentrum f\u00fcr Mikro-Zertifikate (MIC) ist ein digitaler Dienst, der im Rahmen des HABITABLE-Projekts entwickelt wurde, um die Validierung und Zertifizierung von F\u00e4higkeiten im Habitat-Sektor zu unterst\u00fctzen. Es agiert als Teil des HABITABLE Skills Hub und tr\u00e4gt zum Aufbau eines gemeinsamen \u00d6kosystems zur Anerkennung von F\u00e4higkeiten bei, das mit den europ\u00e4ischen Priorit\u00e4ten f\u00fcr lebenslanges Lernen, berufliche Aus- und Weiterbildung (VET) sowie die gr\u00fcne und digitale Transformation \u00fcbereinstimmt. Das MIC ist als offenes und skalierbares System konzipiert, das sowohl Projektpartnern als auch externen Organisationen die Entwicklung und F\u00f6rderung von Mikro-Zertifikaten erm\u00f6glicht. Die Zertifizierungsallianz f\u00fcr F\u00e4higkeiten im Habitat-Sektor Alle im MIC verf\u00fcgbaren Mikro-Zertifikate werden: Ausgestellt von der Zertifizierungsallianz f\u00fcr F\u00e4higkeiten im Habitat-Sektor Gef\u00f6rdert von den Organisationen, die sie entwickeln Die Allianz vereint ein europaweites Netzwerk von Universit\u00e4ten, Bildungsbeh\u00f6rden, VET-Anbietern, Forschungszentren, Unternehmen und Branchenorganisationen. Diese Einrichtungen arbeiten zusammen, um sicherzustellen, dass Mikro-Zertifikate tats\u00e4chliche Kompetenzbedarfe widerspiegeln, auf relevanten Kompetenzen basieren und mit den Entwicklungen im Sektor \u00fcbereinstimmen. Cl\u00faster de Habitat Eficiente (AEICE) \u2013 SPANIEN Consejeria de Educacion de la Junta de Castilla y Le\u00f3n (EDUCACYL) \u2013 SPANIEN Instituto para el Fomento del Desarrollo y la Formaci\u00f3n (INFODEF) \u2013 SPANIEN Fundaci\u00f3n Instituto de la Construcci\u00f3n de Castilla y Le\u00f3n (ICCL) \u2013 SPANIEN Fundaci\u00f3n Centro de Servicios y Promoci\u00f3n Forestal y de su Industria de Castilla y Le\u00f3n (CESEFOR) \u2013 SPANIEN Fundacion Laboral de la Construccion (FLC) \u2013 SPANIEN Asociaci\u00f3n Empresarial de Investigaci\u00f3n Centro Tecnol\u00f3gico del Mueble y la Madera de la Regi\u00f3n de Murcia (CETEM) \u2013 SPANIEN Associa\u00e7\u00e3o Plataforma para a Constru\u00e7\u00e3o Sustent\u00e1vel (CLUSTER HABITAT) \u2013 PORTUGAL Centro Tecnologico da Ceramica e do Vidro (CTCV) \u2013 PORTUGAL Universidade de Aveiro (UAVR) \u2013 PORTUGAL Holzcluster Steiermark Gmbh (HCS) \u2013 \u00d6STERREICH Fachhochschule Salzburg Gmbh (FHS) \u2013 \u00d6STERREICH Cluster Viooikonomias Kai Perivallontos Dytikis Makedonias (CLUBE) \u2013 GRIECHENLAND Dimitra Ekpaiditiki Simvilitiki AE (DIMITRA) \u2013 GRIECHENLAND Panepistimio Thessalias (UTH) \u2013 GRIECHENLAND Institutia Publica Centrul De Excelenta In Energetica Si Electronica (CEEE) \u2013 MOLDAU Construction College Construct2 (CONSTRUCT2) \u2013 GEORGIEN Die Allianz ist offen f\u00fcr die Aufnahme neuer Organisationen und unterst\u00fctzt so das kontinuierliche Wachstum und die Nachhaltigkeit des MIC. Qualit\u00e4tsansatz Das MIC verfolgt einen strukturierten und transparenten Ansatz, um die Qualit\u00e4t und Konsistenz aller Mikro-Zertifikate zu gew\u00e4hrleisten. Jedes Mikro-Zertifikat basiert auf: klar definierten Lernergebnissen einer transparenten Bewertungsmethode einem angegebenen EQF-Niveau, sofern zutreffend definiertem Arbeitsaufwand und Lernaufwand (Stunden und\/oder ECTS-Punkte) Verkn\u00fcpfungen zu ESCO-Berufen, wo relevant Abstimmung mit europ\u00e4ischen Ans\u00e4tzen f\u00fcr Mikro-Zertifikate Dies gew\u00e4hrleistet, dass alle Mikro-Zertifikate vergleichbar, transparent und relevant f\u00fcr den Arbeitsmarkt sind. Anerkennung und Wert Mikro-Zertifikate, die \u00fcber das MIC ausgestellt werden, sind keine formellen Qualifikationen, die von \u00f6ffentlichen Beh\u00f6rden vergeben werden. Sie bieten jedoch eine starke sektorale Anerkennung und praktischen Wert, da sie: von einer europ\u00e4ischen Allianz anerkannter Organisationen ausgestellt werden auf die tats\u00e4chlichen Bed\u00fcrfnisse des Arbeitsmarktes abgestimmt sind darauf ausgelegt sind, die im Habitat-Sektor erforderlichen Kompetenzen widerzuspiegeln Sie sind besonders wertvoll f\u00fcr: VET-Lernende (I-VET), die in den Arbeitsmarkt eintreten C-VET-Lernende und Fachkr\u00e4fte, die sich weiterbilden oder umschulen m\u00f6chten Organisationen, die Kompetenzen validieren und strukturieren m\u00f6chten Abstimmung mit europ\u00e4ischen Rahmenwerken Das MIC ist auf wichtige europ\u00e4ische Ans\u00e4tze und Instrumente abgestimmt, darunter: der Europ\u00e4ische Qualifikationsrahmen (EQF) das Europ\u00e4ische Lernmodell (ELM) Europass European Digital Credentials for Learning (EDC) Diese Abstimmung unterst\u00fctzt die Transparenz der Lernergebnisse, die \u00dcbertragbarkeit von Qualifikationen in ganz Europa und die Interoperabilit\u00e4t zwischen Systemen. Unterst\u00fctzung von Fortschrittspfaden Wo immer m\u00f6glich, enthalten im MIC verf\u00fcgbare Mikro-Zertifikate Informationen zu: Pfaden zu formellen oder national anerkannten Zertifizierungen Verkn\u00fcpfungen zu bestehenden Bildungs- und Ausbildungssystemen M\u00f6glichkeiten f\u00fcr weiteres Lernen und berufliche Entwicklung Dies hilft Nutzern, Mikro-Zertifikate mit breiteren Qualifikationswegen und Karrierem\u00f6glichkeiten zu verkn\u00fcpfen. Ein sektororientierter Ansatz Das MIC basiert auf einem sektororientierten Ansatz zur Kompetenzerkennung, bei dem Bildungsanbieter, Unternehmen und andere Interessengruppen aktiv zur Definition und Validierung von Kompetenzen beitragen. Durch die Kombination von strukturierten Validierungsprozessen, der Zusammenarbeit zwischen Organisationen und der Abstimmung mit europ\u00e4ischen Rahmenwerken tr\u00e4gt das MIC dazu bei, die Relevanz, Zug\u00e4nglichkeit und Wirkung der Kompetenzerkennung im Habitat-Sektor zu st\u00e4rken.<\/p>\n","protected":false},"author":1,"featured_media":0,"parent":0,"menu_order":0,"comment_status":"closed","ping_status":"closed","template":"elementor_canvas","meta":{"_acf_changed":false,"footnotes":""},"class_list":["post-1268","page","type-page","status-publish","hentry"],"acf":[],"_links":{"self":[{"href":"https:\/\/mic.habitable-cove.eu\/de\/wp-json\/wp\/v2\/pages\/1268","targetHints":{"allow":["GET"]}}],"collection":[{"href":"https:\/\/mic.habitable-cove.eu\/de\/wp-json\/wp\/v2\/pages"}],"about":[{"href":"https:\/\/mic.habitable-cove.eu\/de\/wp-json\/wp\/v2\/types\/page"}],"author":[{"embeddable":true,"href":"https:\/\/mic.habitable-cove.eu\/de\/wp-json\/wp\/v2\/users\/1"}],"replies":[{"embeddable":true,"href":"https:\/\/mic.habitable-cove.eu\/de\/wp-json\/wp\/v2\/comments?post=1268"}],"version-history":[{"count":5,"href":"https:\/\/mic.habitable-cove.eu\/de\/wp-json\/wp\/v2\/pages\/1268\/revisions"}],"predecessor-version":[{"id":1623,"href":"https:\/\/mic.habitable-cove.eu\/de\/wp-json\/wp\/v2\/pages\/1268\/revisions\/1623"}],"wp:attachment":[{"href":"https:\/\/mic.habitable-cove.eu\/de\/wp-json\/wp\/v2\/media?parent=1268"}],"curies":[{"name":"wp","href":"https:\/\/api.w.org\/{rel}","templated":true}]}}